{"id":8843,"date":"2020-06-10T11:50:41","date_gmt":"2020-06-10T09:50:41","guid":{"rendered":"https:\/\/www.mundida.com\/about\/"},"modified":"2024-01-09T18:19:40","modified_gmt":"2024-01-09T17:19:40","slug":"about","status":"publish","type":"page","link":"https:\/\/www.mundida.com\/es\/about\/","title":{"rendered":"Acerca de"},"content":{"rendered":"\t\t<div data-elementor-type=\"wp-page\" data-elementor-id=\"8843\" class=\"elementor elementor-8843 elementor-360\">\n\t\t\t\t\t\t<section class=\"elementor-section elementor-top-section elementor-element elementor-element-c494cde elementor-section-boxed elementor-section-height-default elementor-section-height-default\" data-id=\"c494cde\" data-element_type=\"section\" data-e-type=\"section\" data-settings=\"{&quot;background_background&quot;:&quot;classic&quot;}\">\n\t\t\t\t\t\t<div class=\"elementor-container elementor-column-gap-default\">\n\t\t\t\t\t<div class=\"elementor-column elementor-col-100 elementor-top-column elementor-element elementor-element-1df11e5\" data-id=\"1df11e5\" data-element_type=\"column\" data-e-type=\"column\">\n\t\t\t<div class=\"elementor-widget-wrap elementor-element-populated\">\n\t\t\t\t\t\t<div class=\"elementor-element elementor-element-6c665de elementor-widget elementor-widget-text-editor\" data-id=\"6c665de\" data-element_type=\"widget\" data-e-type=\"widget\" data-widget_type=\"text-editor.default\">\n\t\t\t\t<div class=\"elementor-widget-container\">\n\t\t\t\t\t\t\t\t\t<p class=\"MsoNormal\">Bienvenido a <strong>Mundida<\/strong>, su socio de confianza en el din\u00e1mico mundo del marketing digital. Somos una agencia de marketing digital de servicio completo, especializada en una amplia gama de servicios que incluyen dise\u00f1o y desarrollo web, marketing digital, videograf\u00eda, edici\u00f3n de v\u00eddeo, animaci\u00f3n, dise\u00f1o gr\u00e1fico y mucho m\u00e1s. Nuestra misi\u00f3n es ayudar a las empresas a prosperar en el panorama digital proporcion\u00e1ndoles soluciones innovadoras y servicios excepcionales.<\/p>\n\t\t\t\t\t\t\t\t<\/div>\n\t\t\t\t<\/div>\n\t\t\t\t<div class=\"elementor-element elementor-element-0bba7a4 elementor-widget__width-initial elementor-widget elementor-widget-text-editor\" data-id=\"0bba7a4\" data-element_type=\"widget\" data-e-type=\"widget\" data-widget_type=\"text-editor.default\">\n\t\t\t\t<div class=\"elementor-widget-container\">\n\t\t\t\t\t\t\t\t\t<p><strong>Visi\u00f3n<\/strong><\/p>\n<p>Nuestra visi\u00f3n es ser una fuerza impulsora del cambio positivo en el panorama digital, asoci\u00e1ndonos exclusivamente con proyectos que tengan un impacto social significativo.<\/p>\n\t\t\t\t\t\t\t\t<\/div>\n\t\t\t\t<\/div>\n\t\t\t\t<div class=\"elementor-element elementor-element-fdc54dd elementor-widget__width-initial elementor-widget elementor-widget-text-editor\" data-id=\"fdc54dd\" data-element_type=\"widget\" data-e-type=\"widget\" data-widget_type=\"text-editor.default\">\n\t\t\t\t<div class=\"elementor-widget-container\">\n\t\t\t\t\t\t\t\t\t<p><strong>Misi\u00f3n<\/strong><\/p>\n<p>La misi\u00f3n de Mundida es apoyar y potenciar proyectos de importancia social proporcionando soluciones innovadoras de marketing digital.<\/p>\n\t\t\t\t\t\t\t\t<\/div>\n\t\t\t\t<\/div>\n\t\t\t\t\t<\/div>\n\t\t<\/div>\n\t\t\t\t\t<\/div>\n\t\t<\/section>\n\t\t<div class=\"elementor-element elementor-element-2dcb362 e-flex e-con-boxed e-con e-parent\" data-id=\"2dcb362\" data-element_type=\"container\" data-e-type=\"container\">\n\t\t\t\t\t<div class=\"e-con-inner\">\n\t\t<div class=\"elementor-element elementor-element-d568b29 e-con-full e-flex e-con e-child\" data-id=\"d568b29\" data-element_type=\"container\" data-e-type=\"container\">\n\t\t\t\t<div class=\"elementor-element elementor-element-8085c9d elementor-view-default elementor-widget elementor-widget-icon\" data-id=\"8085c9d\" data-element_type=\"widget\" data-e-type=\"widget\" data-widget_type=\"icon.default\">\n\t\t\t\t<div class=\"elementor-widget-container\">\n\t\t\t\t\t\t\t<div class=\"elementor-icon-wrapper\">\n\t\t\t<div class=\"elementor-icon\">\n\t\t\t<i aria-hidden=\"true\" class=\"fas fa-record-vinyl\"><\/i>\t\t\t<\/div>\n\t\t<\/div>\n\t\t\t\t\t\t<\/div>\n\t\t\t\t<\/div>\n\t\t\t\t<div class=\"elementor-element elementor-element-319aefe elementor-widget elementor-widget-heading\" data-id=\"319aefe\" data-element_type=\"widget\" data-e-type=\"widget\" data-widget_type=\"heading.default\">\n\t\t\t\t<div class=\"elementor-widget-container\">\n\t\t\t\t\t<h2 class=\"elementor-heading-title elementor-size-default\">Experiencia demostrada<\/h2>\t\t\t\t<\/div>\n\t\t\t\t<\/div>\n\t\t\t\t<div class=\"elementor-element elementor-element-3c4d9fd elementor-widget elementor-widget-text-editor\" data-id=\"3c4d9fd\" data-element_type=\"widget\" data-e-type=\"widget\" data-widget_type=\"text-editor.default\">\n\t\t\t\t<div class=\"elementor-widget-container\">\n\t\t\t\t\t\t\t\t\t<p>Con una cartera de proyectos de \u00e9xito y clientes satisfechos, tenemos un historial demostrado de resultados excepcionales.<\/p>\n\t\t\t\t\t\t\t\t<\/div>\n\t\t\t\t<\/div>\n\t\t\t\t<\/div>\n\t\t<div class=\"elementor-element elementor-element-098f7fe e-con-full e-flex e-con e-child\" data-id=\"098f7fe\" data-element_type=\"container\" data-e-type=\"container\">\n\t\t\t\t<div class=\"elementor-element elementor-element-2a2e6ab elementor-view-default elementor-widget elementor-widget-icon\" data-id=\"2a2e6ab\" data-element_type=\"widget\" data-e-type=\"widget\" data-widget_type=\"icon.default\">\n\t\t\t\t<div class=\"elementor-widget-container\">\n\t\t\t\t\t\t\t<div class=\"elementor-icon-wrapper\">\n\t\t\t<div class=\"elementor-icon\">\n\t\t\t<i aria-hidden=\"true\" class=\"aprova aprova-team\"><\/i>\t\t\t<\/div>\n\t\t<\/div>\n\t\t\t\t\t\t<\/div>\n\t\t\t\t<\/div>\n\t\t\t\t<div class=\"elementor-element elementor-element-446337b elementor-widget elementor-widget-heading\" data-id=\"446337b\" data-element_type=\"widget\" data-e-type=\"widget\" data-widget_type=\"heading.default\">\n\t\t\t\t<div class=\"elementor-widget-container\">\n\t\t\t\t\t<h2 class=\"elementor-heading-title elementor-size-default\">Equipo experimentado<\/h2>\t\t\t\t<\/div>\n\t\t\t\t<\/div>\n\t\t\t\t<div class=\"elementor-element elementor-element-256d0df elementor-widget elementor-widget-text-editor\" data-id=\"256d0df\" data-element_type=\"widget\" data-e-type=\"widget\" data-widget_type=\"text-editor.default\">\n\t\t\t\t<div class=\"elementor-widget-container\">\n\t\t\t\t\t\t\t\t\t<p>Nuestro equipo de expertos est\u00e1 formado por profesionales experimentados a los que les apasiona el marketing digital y que se mantienen continuamente al d\u00eda de las tendencias del sector.<\/p>\n\t\t\t\t\t\t\t\t<\/div>\n\t\t\t\t<\/div>\n\t\t\t\t<\/div>\n\t\t<div class=\"elementor-element elementor-element-ddfbb00 e-con-full e-flex e-con e-child\" data-id=\"ddfbb00\" data-element_type=\"container\" data-e-type=\"container\">\n\t\t\t\t<div class=\"elementor-element elementor-element-048f3aa elementor-view-default elementor-widget elementor-widget-icon\" data-id=\"048f3aa\" data-element_type=\"widget\" data-e-type=\"widget\" data-widget_type=\"icon.default\">\n\t\t\t\t<div class=\"elementor-widget-container\">\n\t\t\t\t\t\t\t<div class=\"elementor-icon-wrapper\">\n\t\t\t<div class=\"elementor-icon\">\n\t\t\t<i aria-hidden=\"true\" class=\"icofont icofont-handshake-deal\"><\/i>\t\t\t<\/div>\n\t\t<\/div>\n\t\t\t\t\t\t<\/div>\n\t\t\t\t<\/div>\n\t\t\t\t<div class=\"elementor-element elementor-element-a210f38 elementor-widget elementor-widget-heading\" data-id=\"a210f38\" data-element_type=\"widget\" data-e-type=\"widget\" data-widget_type=\"heading.default\">\n\t\t\t\t<div class=\"elementor-widget-container\">\n\t\t\t\t\t<h2 class=\"elementor-heading-title elementor-size-default\">Soluciones preempaquetadas  <\/h2>\t\t\t\t<\/div>\n\t\t\t\t<\/div>\n\t\t\t\t<div class=\"elementor-element elementor-element-8c52361 elementor-widget elementor-widget-text-editor\" data-id=\"8c52361\" data-element_type=\"widget\" data-e-type=\"widget\" data-widget_type=\"text-editor.default\">\n\t\t\t\t<div class=\"elementor-widget-container\">\n\t\t\t\t\t\t\t\t\t<p>Ofrecemos opciones de paquetes rentables y tambi\u00e9n flexibilidad para que comparta sus requisitos para una soluci\u00f3n personalizada.<\/p>\n\t\t\t\t\t\t\t\t<\/div>\n\t\t\t\t<\/div>\n\t\t\t\t<\/div>\n\t\t<div class=\"elementor-element elementor-element-970fbc8 e-con-full e-flex e-con e-child\" data-id=\"970fbc8\" data-element_type=\"container\" data-e-type=\"container\">\n\t\t\t\t<div class=\"elementor-element elementor-element-85e5bcf elementor-view-default elementor-widget elementor-widget-icon\" data-id=\"85e5bcf\" data-element_type=\"widget\" data-e-type=\"widget\" data-widget_type=\"icon.default\">\n\t\t\t\t<div class=\"elementor-widget-container\">\n\t\t\t\t\t\t\t<div class=\"elementor-icon-wrapper\">\n\t\t\t<div class=\"elementor-icon\">\n\t\t\t<i aria-hidden=\"true\" class=\"fas fa-project-diagram\"><\/i>\t\t\t<\/div>\n\t\t<\/div>\n\t\t\t\t\t\t<\/div>\n\t\t\t\t<\/div>\n\t\t\t\t<div class=\"elementor-element elementor-element-1af1c26 elementor-widget elementor-widget-heading\" data-id=\"1af1c26\" data-element_type=\"widget\" data-e-type=\"widget\" data-widget_type=\"heading.default\">\n\t\t\t\t<div class=\"elementor-widget-container\">\n\t\t\t\t\t<h2 class=\"elementor-heading-title elementor-size-default\">Tecnolog\u00eda punta<\/h2>\t\t\t\t<\/div>\n\t\t\t\t<\/div>\n\t\t\t\t<div class=\"elementor-element elementor-element-a812967 elementor-widget elementor-widget-text-editor\" data-id=\"a812967\" data-element_type=\"widget\" data-e-type=\"widget\" data-widget_type=\"text-editor.default\">\n\t\t\t\t<div class=\"elementor-widget-container\">\n\t\t\t\t\t\t\t\t\t<p>Utilizamos las \u00faltimas tecnolog\u00edas y herramientas para mantenernos a la vanguardia en el panorama del marketing digital, garantizando que usted siga siendo competitivo.<\/p>\n\t\t\t\t\t\t\t\t<\/div>\n\t\t\t\t<\/div>\n\t\t\t\t<\/div>\n\t\t<div class=\"elementor-element elementor-element-78bc668 e-con-full e-flex e-con e-child\" data-id=\"78bc668\" data-element_type=\"container\" data-e-type=\"container\">\n\t\t\t\t<div class=\"elementor-element elementor-element-b350aac elementor-view-default elementor-widget elementor-widget-icon\" data-id=\"b350aac\" data-element_type=\"widget\" data-e-type=\"widget\" data-widget_type=\"icon.default\">\n\t\t\t\t<div class=\"elementor-widget-container\">\n\t\t\t\t\t\t\t<div class=\"elementor-icon-wrapper\">\n\t\t\t<div class=\"elementor-icon\">\n\t\t\t<i aria-hidden=\"true\" class=\"icofont icofont-technorati\"><\/i>\t\t\t<\/div>\n\t\t<\/div>\n\t\t\t\t\t\t<\/div>\n\t\t\t\t<\/div>\n\t\t\t\t<div class=\"elementor-element elementor-element-5518f5c elementor-widget elementor-widget-heading\" data-id=\"5518f5c\" data-element_type=\"widget\" data-e-type=\"widget\" data-widget_type=\"heading.default\">\n\t\t\t\t<div class=\"elementor-widget-container\">\n\t\t\t\t\t<h2 class=\"elementor-heading-title elementor-size-default\">Comunicaci\u00f3n transparente<\/h2>\t\t\t\t<\/div>\n\t\t\t\t<\/div>\n\t\t\t\t<div class=\"elementor-element elementor-element-819e9af elementor-widget elementor-widget-text-editor\" data-id=\"819e9af\" data-element_type=\"widget\" data-e-type=\"widget\" data-widget_type=\"text-editor.default\">\n\t\t\t\t<div class=\"elementor-widget-container\">\n\t\t\t\t\t\t\t\t\t<p>Creemos en una comunicaci\u00f3n transparente y abierta con nuestros clientes. Proporcionamos actualizaciones e informes peri\u00f3dicos sobre el progreso de sus proyectos.<\/p>\n\t\t\t\t\t\t\t\t<\/div>\n\t\t\t\t<\/div>\n\t\t\t\t<\/div>\n\t\t\t\t\t<\/div>\n\t\t\t\t<\/div>\n\t\t\t\t<section class=\"elementor-section elementor-top-section elementor-element elementor-element-a64030e elementor-section-boxed elementor-section-height-default elementor-section-height-default\" data-id=\"a64030e\" data-element_type=\"section\" data-e-type=\"section\">\n\t\t\t\t\t\t<div class=\"elementor-container elementor-column-gap-default\">\n\t\t\t\t\t<div class=\"elementor-column elementor-col-100 elementor-top-column elementor-element elementor-element-ea2e584\" data-id=\"ea2e584\" data-element_type=\"column\" data-e-type=\"column\" data-settings=\"{&quot;background_background&quot;:&quot;classic&quot;}\">\n\t\t\t<div class=\"elementor-widget-wrap elementor-element-populated\">\n\t\t\t\t\t\t<section class=\"elementor-section elementor-inner-section elementor-element elementor-element-7382b67 elementor-section-boxed elementor-section-height-default elementor-section-height-default\" data-id=\"7382b67\" data-element_type=\"section\" data-e-type=\"section\">\n\t\t\t\t\t\t<div class=\"elementor-container elementor-column-gap-default\">\n\t\t\t\t\t<div class=\"elementor-column elementor-col-25 elementor-inner-column elementor-element elementor-element-d0644e9\" data-id=\"d0644e9\" data-element_type=\"column\" data-e-type=\"column\">\n\t\t\t<div class=\"elementor-widget-wrap elementor-element-populated\">\n\t\t\t\t\t\t<div class=\"elementor-element elementor-element-e4e3fe8 poket-star-rating--align-left poket-star-rating-tablet--align-center elementor-widget elementor-widget-witr_section_counter\" data-id=\"e4e3fe8\" data-element_type=\"widget\" data-e-type=\"widget\" data-widget_type=\"witr_section_counter.default\">\n\t\t\t\t<div class=\"elementor-widget-container\">\n\t\t\t\t\t\t\t\t<div class=\"witr_counter_single all_counter_color\">\n\t\t\t\t\t\t\t\t<!-- custom icon -->\n\t\t\t\t\t\t\t\n\t\t\t\t<!-- custom img -->\n\t\t\t\t\t\t\t\t\t<div class=\"witr_counter_img\">\n\t\t\t\t\t\t\t\t\t\t\t\t\t<img decoding=\"async\" src=\"https:\/\/themexbd.com\/poket\/creative\/wp-content\/uploads\/2021\/11\/icon1.png\" alt=\"\" \/>\n\t\t\t\t\t\t\t\t\t\t\t<\/div>\t\n\t\t\t\t\t\t\t\n\t\t\t\n\t\t\t\t<div class=\"witr_counter_number_inn\">\n\t\t\t\t\t<!-- number -->\n\t\t\t\t\t\t\t\t\t\t\t<h3 class=\"counter\">34 <\/h3>\t\t\t\t\n\t\t\t\t\t\t\t\t\t\t<!-- symbol -->\n\t\t\t\t\t\t\t\t\t\t<!-- content -->\n\t\t\t\t\t\t\t\t\t\t\t<h4>Social Media Projects <\/h4>\t\t\n\t\t\t\t\t\t\t\t\t\t\n\t\t\t\t<\/div> <!-- counter part -->\t\t\n\t\t\t<\/div>\t\t\n\t\t\n\t\t\t\t\t\t<\/div>\n\t\t\t\t<\/div>\n\t\t\t\t\t<\/div>\n\t\t<\/div>\n\t\t\t\t<div class=\"elementor-column elementor-col-25 elementor-inner-column elementor-element elementor-element-e4eef7a\" data-id=\"e4eef7a\" data-element_type=\"column\" data-e-type=\"column\">\n\t\t\t<div class=\"elementor-widget-wrap elementor-element-populated\">\n\t\t\t\t\t\t<div class=\"elementor-element elementor-element-ef0219d poket-star-rating--align-left poket-star-rating-tablet--align-center elementor-widget elementor-widget-witr_section_counter\" data-id=\"ef0219d\" data-element_type=\"widget\" data-e-type=\"widget\" data-widget_type=\"witr_section_counter.default\">\n\t\t\t\t<div class=\"elementor-widget-container\">\n\t\t\t\t\t\t\t\t<div class=\"witr_counter_single all_counter_color\">\n\t\t\t\t\t\t\t\t<!-- custom icon -->\n\t\t\t\t\t\t\t\n\t\t\t\t<!-- custom img -->\n\t\t\t\t\t\t\t\t\t<div class=\"witr_counter_img\">\n\t\t\t\t\t\t\t\t\t\t\t\t\t<img decoding=\"async\" src=\"https:\/\/themexbd.com\/poket\/creative\/wp-content\/uploads\/2021\/11\/icon2.png\" alt=\"\" \/>\n\t\t\t\t\t\t\t\t\t\t\t<\/div>\t\n\t\t\t\t\t\t\t\n\t\t\t\n\t\t\t\t<div class=\"witr_counter_number_inn\">\n\t\t\t\t\t<!-- number -->\n\t\t\t\t\t\t\t\t\t\t\t<h3 class=\"counter\">25 <\/h3>\t\t\t\t\n\t\t\t\t\t\t\t\t\t\t<!-- symbol -->\n\t\t\t\t\t\t\t\t\t\t<!-- content -->\n\t\t\t\t\t\t\t\t\t\t\t<h4>Collaborators <\/h4>\t\t\n\t\t\t\t\t\t\t\t\t\t\n\t\t\t\t<\/div> <!-- counter part -->\t\t\n\t\t\t<\/div>\t\t\n\t\t\n\t\t\t\t\t\t<\/div>\n\t\t\t\t<\/div>\n\t\t\t\t\t<\/div>\n\t\t<\/div>\n\t\t\t\t<div class=\"elementor-column elementor-col-25 elementor-inner-column elementor-element elementor-element-a4e7c95\" data-id=\"a4e7c95\" data-element_type=\"column\" data-e-type=\"column\">\n\t\t\t<div class=\"elementor-widget-wrap elementor-element-populated\">\n\t\t\t\t\t\t<div class=\"elementor-element elementor-element-1b8d28a poket-star-rating--align-left poket-star-rating-tablet--align-center elementor-widget elementor-widget-witr_section_counter\" data-id=\"1b8d28a\" data-element_type=\"widget\" data-e-type=\"widget\" data-widget_type=\"witr_section_counter.default\">\n\t\t\t\t<div class=\"elementor-widget-container\">\n\t\t\t\t\t\t\t\t<div class=\"witr_counter_single all_counter_color\">\n\t\t\t\t\t\t\t\t<!-- custom icon -->\n\t\t\t\t\t\t\t\n\t\t\t\t<!-- custom img -->\n\t\t\t\t\t\t\t\t\t<div class=\"witr_counter_img\">\n\t\t\t\t\t\t\t\t\t\t\t\t\t<img decoding=\"async\" src=\"https:\/\/themexbd.com\/poket\/creative\/wp-content\/uploads\/2021\/11\/icon3.png\" alt=\"\" \/>\n\t\t\t\t\t\t\t\t\t\t\t<\/div>\t\n\t\t\t\t\t\t\t\n\t\t\t\n\t\t\t\t<div class=\"witr_counter_number_inn\">\n\t\t\t\t\t<!-- number -->\n\t\t\t\t\t\t\t\t\t\t\t<h3 class=\"counter\">23 <\/h3>\t\t\t\t\n\t\t\t\t\t\t\t\t\t\t<!-- symbol -->\n\t\t\t\t\t\t\t\t\t\t<!-- content -->\n\t\t\t\t\t\t\t\t\t\t\t<h4>Web Projects <\/h4>\t\t\n\t\t\t\t\t\t\t\t\t\t\n\t\t\t\t<\/div> <!-- counter part -->\t\t\n\t\t\t<\/div>\t\t\n\t\t\n\t\t\t\t\t\t<\/div>\n\t\t\t\t<\/div>\n\t\t\t\t\t<\/div>\n\t\t<\/div>\n\t\t\t\t<div class=\"elementor-column elementor-col-25 elementor-inner-column elementor-element elementor-element-3792b71\" data-id=\"3792b71\" data-element_type=\"column\" data-e-type=\"column\">\n\t\t\t<div class=\"elementor-widget-wrap elementor-element-populated\">\n\t\t\t\t\t\t<div class=\"elementor-element elementor-element-b773673 poket-star-rating--align-left poket-star-rating-tablet--align-center elementor-widget elementor-widget-witr_section_counter\" data-id=\"b773673\" data-element_type=\"widget\" data-e-type=\"widget\" data-widget_type=\"witr_section_counter.default\">\n\t\t\t\t<div class=\"elementor-widget-container\">\n\t\t\t\t\t\t\t\t<div class=\"witr_counter_single all_counter_color\">\n\t\t\t\t\t\t\t\t<!-- custom icon -->\n\t\t\t\t\t\t\t\n\t\t\t\t<!-- custom img -->\n\t\t\t\t\t\t\t\t\t<div class=\"witr_counter_img\">\n\t\t\t\t\t\t\t\t\t\t\t\t\t<img decoding=\"async\" src=\"https:\/\/themexbd.com\/poket\/creative\/wp-content\/uploads\/2021\/11\/icon4.png\" alt=\"\" \/>\n\t\t\t\t\t\t\t\t\t\t\t<\/div>\t\n\t\t\t\t\t\t\t\n\t\t\t\n\t\t\t\t<div class=\"witr_counter_number_inn\">\n\t\t\t\t\t<!-- number -->\n\t\t\t\t\t\t\t\t\t\t\t<h3 class=\"counter\">12 <\/h3>\t\t\t\t\n\t\t\t\t\t\t\t\t\t\t<!-- symbol -->\n\t\t\t\t\t\t\t\t\t\t<!-- content -->\n\t\t\t\t\t\t\t\t\t\t\t<h4>Inhouse Projects <\/h4>\t\t\n\t\t\t\t\t\t\t\t\t\t\n\t\t\t\t<\/div> <!-- counter part -->\t\t\n\t\t\t<\/div>\t\t\n\t\t\n\t\t\t\t\t\t<\/div>\n\t\t\t\t<\/div>\n\t\t\t\t\t<\/div>\n\t\t<\/div>\n\t\t\t\t\t<\/div>\n\t\t<\/section>\n\t\t\t\t\t<\/div>\n\t\t<\/div>\n\t\t\t\t\t<\/div>\n\t\t<\/section>\n\t\t<div class=\"elementor-element elementor-element-bb66b1b e-flex e-con-boxed e-con e-parent\" data-id=\"bb66b1b\" data-element_type=\"container\" data-e-type=\"container\">\n\t\t\t\t\t<div class=\"e-con-inner\">\n\t\t\t\t<div class=\"elementor-element elementor-element-c56861c elementor-widget elementor-widget-spacer\" data-id=\"c56861c\" data-element_type=\"widget\" data-e-type=\"widget\" data-widget_type=\"spacer.default\">\n\t\t\t\t<div class=\"elementor-widget-container\">\n\t\t\t\t\t\t\t<div class=\"elementor-spacer\">\n\t\t\t<div class=\"elementor-spacer-inner\"><\/div>\n\t\t<\/div>\n\t\t\t\t\t\t<\/div>\n\t\t\t\t<\/div>\n\t\t\t\t\t<\/div>\n\t\t\t\t<\/div>\n\t\t\t\t<\/div>\n\t\t","protected":false},"excerpt":{"rendered":"<p>Bienvenido a Mundida, su socio de confianza en el din\u00e1mico mundo del marketing digital. Somos una agencia de marketing digital de servicio completo, especializada en una amplia gama de servicios que incluyen dise\u00f1o y desarrollo web, marketing digital, videograf\u00eda, edici\u00f3n de v\u00eddeo, animaci\u00f3n, dise\u00f1o gr\u00e1fico y mucho m\u00e1s. Nuestra misi\u00f3n es ayudar a las empresas [&hellip;]<\/p>\n","protected":false},"author":1,"featured_media":0,"parent":0,"menu_order":0,"comment_status":"closed","ping_status":"closed","template":"template-home.php","meta":{"om_disable_all_campaigns":false,"_monsterinsights_skip_tracking":false,"_monsterinsights_sitenote_active":false,"_monsterinsights_sitenote_note":"","_monsterinsights_sitenote_category":0,"footnotes":""},"class_list":["post-8843","page","type-page","status-publish","hentry"],"aioseo_notices":[],"_links":{"self":[{"href":"https:\/\/www.mundida.com\/es\/wp-json\/wp\/v2\/pages\/8843","targetHints":{"allow":["GET"]}}],"collection":[{"href":"https:\/\/www.mundida.com\/es\/wp-json\/wp\/v2\/pages"}],"about":[{"href":"https:\/\/www.mundida.com\/es\/wp-json\/wp\/v2\/types\/page"}],"author":[{"embeddable":true,"href":"https:\/\/www.mundida.com\/es\/wp-json\/wp\/v2\/users\/1"}],"replies":[{"embeddable":true,"href":"https:\/\/www.mundida.com\/es\/wp-json\/wp\/v2\/comments?post=8843"}],"version-history":[{"count":7,"href":"https:\/\/www.mundida.com\/es\/wp-json\/wp\/v2\/pages\/8843\/revisions"}],"predecessor-version":[{"id":9542,"href":"https:\/\/www.mundida.com\/es\/wp-json\/wp\/v2\/pages\/8843\/revisions\/9542"}],"wp:attachment":[{"href":"https:\/\/www.mundida.com\/es\/wp-json\/wp\/v2\/media?parent=8843"}],"curies":[{"name":"wp","href":"https:\/\/api.w.org\/{rel}","templated":true}]}}