{"id":8971,"date":"2021-08-25T16:53:48","date_gmt":"2021-08-25T14:53:48","guid":{"rendered":"https:\/\/www.mundida.com\/pack-website-creation\/"},"modified":"2024-01-10T12:25:24","modified_gmt":"2024-01-10T11:25:24","slug":"creacion-de-paginas-web","status":"publish","type":"page","link":"https:\/\/www.mundida.com\/es\/creacion-de-paginas-web\/","title":{"rendered":"Creaci\u00f3n de p\u00e1ginas web"},"content":{"rendered":"\t\t<div data-elementor-type=\"wp-page\" data-elementor-id=\"8971\" class=\"elementor elementor-8971 elementor-4945\">\n\t\t\t\t\t\t<section class=\"elementor-section elementor-top-section elementor-element elementor-element-eea8b67 elementor-section-boxed elementor-section-height-default elementor-section-height-default\" data-id=\"eea8b67\" data-element_type=\"section\" data-e-type=\"section\">\n\t\t\t\t\t\t<div class=\"elementor-container elementor-column-gap-default\">\n\t\t\t\t\t<div class=\"elementor-column elementor-col-100 elementor-top-column elementor-element elementor-element-1cb3ada\" data-id=\"1cb3ada\" data-element_type=\"column\" data-e-type=\"column\">\n\t\t\t<div class=\"elementor-widget-wrap elementor-element-populated\">\n\t\t\t\t\t\t<div class=\"elementor-element elementor-element-dcb71c5 poket-star-rating--align-center elementor-widget elementor-widget-witr_section_title\" data-id=\"dcb71c5\" data-element_type=\"widget\" data-e-type=\"widget\" data-widget_type=\"witr_section_title.default\">\n\t\t\t\t<div class=\"elementor-widget-container\">\n\t\t\t\t\t\t\t\t\t\t<!-- title center -->\n\t\t\t\t\t<div class=\"witr_section_title\">\n\t\t\t\t\t\t<div class=\"witr_section_title_inner text-center\">\n\n\t\t\t\t\t\t\t<!-- icon position -->\n\t\t\t\t\t\t\t\t\n\t\t\t\t\t\t\t<!-- end icon position -->\n\t\t\t\t\t\t\t\n\t\t\t\t\t\t\n\t\t\t\t\t\t\t<!-- title top -->\n\t\t\t\t\t\t\t\n\n\t\t\t\t\t\t\t<!-- icon position -->\n\t\t\t\t\t\t\t\t\n\t\t\t\t\t\t\t<!-- end icon position -->\n\n\n\t\t\t\t\t\t\t\n\t\t\t\t\t\t\t<!-- title middle -->\n\t\t\t\t\t\t\t\t\t\t\t\t\t\t\t<h3>Nuovo pacchetto aggiornato per la creazione di siti Web<\/h3>\t\t\n\t\t\t\t\t\t\t\t\t\t\t\t\t\t<!-- title bottom -->\n\t\t\t\t\t\t\t\n\t\t\t\t\t\t\t\n\t\t\t\t\t\t\t\n\t\t\t\t\t\t\t\t\t\t\t\t\t\t\n\t\t\t\t\t\t\t<!-- image -->\n\t\t\t\t\t\t\t\t\t\t\t\t\t\t<!-- icon -->\n\t\t\t\t\t\t\t\t\t\t\t\t\t\t\n\t\t\t\t\t\t\t<!-- bar -->\n\t\t\t\t\t\t\t\t\t\t\t\t\t\t<!-- circle bar -->\n\t\t\t\t\t\t\t\t\t\t\t\t\t\t\n\t\t\t\t\t\t\t\t\n\t\t\t\t\t\t\t\n\n\t\t\t\t\t\t\t\n\t\t\t\t\t\t\t<!-- content -->\n\t\t\t\t\t\t\t\t\t\t\t\t\t\t\n\t\t\t\t\t\t<\/div>\n\t\t\t\t\t\t\t<!-- inner title -->\n\t\t\t\t\t\t\t\t\t\t\t\t\t\n\t\t\t\t\t<\/div>\n\n\t\t\t\t\t\t\t\t<\/div>\n\t\t\t\t<\/div>\n\t\t\t\t<section class=\"elementor-section elementor-inner-section elementor-element elementor-element-427afd0 elementor-section-boxed elementor-section-height-default elementor-section-height-default\" data-id=\"427afd0\" data-element_type=\"section\" data-e-type=\"section\">\n\t\t\t\t\t\t<div class=\"elementor-container elementor-column-gap-default\">\n\t\t\t\t\t<div class=\"elementor-column elementor-col-33 elementor-inner-column elementor-element elementor-element-85ffe83\" data-id=\"85ffe83\" data-element_type=\"column\" data-e-type=\"column\">\n\t\t\t<div class=\"elementor-widget-wrap elementor-element-populated\">\n\t\t\t\t\t\t<div class=\"elementor-element elementor-element-6aa2d55 poket-star-rating--align-center poket-star-rating--align-center elementor-widget elementor-widget-witr_section_pricing\" data-id=\"6aa2d55\" data-element_type=\"widget\" data-e-type=\"widget\" data-widget_type=\"witr_section_pricing.default\">\n\t\t\t\t<div class=\"elementor-widget-container\">\n\t\t\t\t\t\t\t\t\t<div class=\"pricing_area all_pricing_color  \">\n                    <div class=\"pricing-part pricing_style_7 \">\n\t\n\t\t\t\t\t\t\t<!-- icon -->\n\t\t\t\t\t\t\t<div class=\"witr_pricing_icon\">\n\t\t\t\t\t\t\t\t\t\t\t\t\t\t\t<\/div>\t\t\t\t\n\t\t\t\t\t\t\t<!-- image -->\n\t\t\t\t\t\t\t\t\t\t\t\t\t\t\n\t\t\t\t\t\t\t<!-- ribon -->\t\n\t\t\t\t\t\t\t\t\t\t\t\t\t\t\n\t\t\t\t\t\t\t<!--  price content -->\n\t\t\t\t\t\t\t\t\t\t\t\t\t\t<!-- offer price -->\n\t\t\t\t\t\t\t\t\t\t\t\t\t\t<!-- price\/currency\/month -->\n\t\t\t\t\t\t\t\t\t\t\t\t\t\t\t<h5><span>\u20ac<\/span>700 <span>  <\/span><\/h5>\n\t\t\t\t\t\t\t\t\t\t\t\t\t\t<!-- yearly -->\n\t\t\t\t\t\t\t\t\t\t\t\t\t\t\t<p>Este paquete es adecuado para empresas y profesionales que buscan una presencia en l\u00ednea atractiva y eficaz.<\/p>\t\n\t\t\t\t\t\t\t\t\t\t\t\t\t\t\n\t\t\t\t\t\t\t<!-- title -->\n\t\t\t\t\t\t\t\t\t\t\t\t\t\t\t<div class=\"pricing_bar_title\">\n\t\t\t\t\t\t\t\t\t<h4>Web corporativa <\/h4>\n\t\t\t\t\t\t\t\t<\/div>\n\t\t\t\t\t\t\t\t\t\t\t\t\t\t\n\n\t\t\t\t\t\t\t\t\t\t\t\t\t\t\t<!-- list -->\n\t\t\t\t\t\t\t\t<div class=\"witri_texti_list\">\n\t\t\t\t\t\t\t\t\t<ul>\n\t\t\t\t\t\t\t\t\t\t\t\t\t\t\t\t\t\t\t\t\t\t\t\t\t\t\t\t\t\t<li class=\" themex-item-b10c86d\" >\n\t\t\t\t\t\t\t\t\t\t\t\t<i class=\"fas fa-check\"><\/i>Dise\u00f1o de sitio web personalizado con un dise\u00f1o adaptable a dispositivos m\u00f3viles.\t\t\t\t\t\t\t\t\t\t\t<\/li>\n\t\t\t\t\t\t\t\t\t\t\t\t\t\t\t\t\t\t\t\t\t<li class=\" themex-item-63d9a15\" >\n\t\t\t\t\t\t\t\t\t\t\t\t<i class=\"fas fa-check\"><\/i>Hasta 10 p\u00e1ginas, incluida una p\u00e1gina de inicio, secciones sobre nosotros, servicios, contacto y cartera.\t\t\t\t\t\t\t\t\t\t\t<\/li>\n\t\t\t\t\t\t\t\t\t\t\t\t\t\t\t\t\t\t\t\t\t<li class=\" themex-item-2a29fe4\" >\n\t\t\t\t\t\t\t\t\t\t\t\t<i class=\"fas fa-check\"><\/i>Integraci\u00f3n de una secci\u00f3n de portafolio para mostrar su trabajo o proyectos.\t\t\t\t\t\t\t\t\t\t\t<\/li>\n\t\t\t\t\t\t\t\t\t\t\t\t\t\t\t\t\t\t\t\t\t<li class=\" themex-item-4d82a40\" >\n\t\t\t\t\t\t\t\t\t\t\t\t<i class=\"fas fa-check\"><\/i>Formulario de contacto para consultas de usuarios.\t\t\t\t\t\t\t\t\t\t\t<\/li>\n\t\t\t\t\t\t\t\t\t\t\t\t\t\t\t\t\t\t\t\t\t<li class=\" themex-item-a62f139\" >\n\t\t\t\t\t\t\t\t\t\t\t\t<i class=\"fas fa-check\"><\/i>Optimizaci\u00f3n SEO b\u00e1sica en la p\u00e1gina para mejorar la visibilidad.\t\t\t\t\t\t\t\t\t\t\t<\/li>\n\t\t\t\t\t\t\t\t\t\t\t\t\t\t\t\t\t\t\t\t\t<li class=\" themex-item-8e712e0\" >\n\t\t\t\t\t\t\t\t\t\t\t\t<i class=\"fas fa-check\"><\/i>Integraci\u00f3n de redes sociales.\t\t\t\t\t\t\t\t\t\t\t<\/li>\n\t\t\t\t\t\t\t\t\t\t\t\t\t\t\t\t\t\t\t\t\t<li class=\" themex-item-f63b963\" >\n\t\t\t\t\t\t\t\t\t\t\t\t<i class=\"fas fa-check\"><\/i>Una ronda de revisiones.\t\t\t\t\t\t\t\t\t\t\t<\/li>\n\t\t\t\t\t\t\t\t\t\t\t\t\t\t\t\t\t\t\t\t\t<li class=\" themex-item-7bf087e\" >\n\t\t\t\t\t\t\t\t\t\t\t\t<i class=\"fas fa-check\"><\/i>Lanzamiento y despliegue del sitio web.\t\t\t\t\t\t\t\t\t\t\t<\/li>\n\t\t\t\t\t\t\t\t\t\t\t\t\t\t\t\t\t\t\t\t\t<li class=\" themex-item-9444a45\" >\n\t\t\t\t\t\t\t\t\t\t\t\t<i class=\"fas fa-check\"><\/i>Capacitaci\u00f3n sobre c\u00f3mo administrar y actualizar su sitio web.\t\t\t\t\t\t\t\t\t\t\t<\/li>\n\t\t\t\t\t\t\t\t\t\t\t\t\t\t\t\t\t\t\t\t\t<li class=\" themex-item-1bd4ad2\" >\n\t\t\t\t\t\t\t\t\t\t\t\t<i class=\"fas fa-check\"><\/i>Soporte b\u00e1sico durante el primer mes despu\u00e9s del lanzamiento.\t\t\t\t\t\t\t\t\t\t\t<\/li>\n\t\t\t\t\t\t\t\t\t\t\t\t\t\t\t\t\t\t\t\t\t<li class=\" themex-item-95a2d45\" >\n\t\t\t\t\t\t\t\t\t\t\t\t<i class=\"fas fa-check\"><\/i>Sitio web en un solo idioma de su elecci\u00f3n, ingl\u00e9s\/espa\u00f1ol\/italiano\t\t\t\t\t\t\t\t\t\t\t<\/li>\n\t\t\t\t\t\t\t\t\t\t\t\n\t\t\t\t\t\t\t\t\t<\/ul>\t\n\t\t\t\t\t\t\t\t<\/div>\n\t\t\t\t\t\t\t\t\t\t\t\t\t\t\n\t\t\t\t\t\t<!-- button -->\n\t\t\t\t\t\t\t\t\t\t\t\t<div class=\"witr_btnp_color\">\n\t\t\t\t\t\t\t<a  class=\"btn\" href=\"https:\/\/www.mundida.com\/es\/producto\/corporate-website-package\/\">Comprar ahora<\/a>\n\t\t\t\t\t\t<\/div>\t\t\t\n\t\t\t\t\t\t\t\t\t\t\t\t<!-- call -->\n\t\t\t\t\t\t\t\t\t\t\t\t\n                    <\/div> <!-- pricing part -->\n                <\/div>\n\t\t\t\t\t\t\t<\/div>\n\t\t\t\t<\/div>\n\t\t\t\t\t<\/div>\n\t\t<\/div>\n\t\t\t\t<div class=\"elementor-column elementor-col-33 elementor-inner-column elementor-element elementor-element-1b6583e\" data-id=\"1b6583e\" data-element_type=\"column\" data-e-type=\"column\">\n\t\t\t<div class=\"elementor-widget-wrap elementor-element-populated\">\n\t\t\t\t\t\t<div class=\"elementor-element elementor-element-d359a14 poket-star-rating--align-center poket-star-rating--align-center elementor-widget elementor-widget-witr_section_pricing\" data-id=\"d359a14\" data-element_type=\"widget\" data-e-type=\"widget\" data-widget_type=\"witr_section_pricing.default\">\n\t\t\t\t<div class=\"elementor-widget-container\">\n\t\t\t\t\t\t\t\t\t<div class=\"pricing_area all_pricing_color  \">\n                    <div class=\"pricing-part pricing_style_7 \">\n\t\n\t\t\t\t\t\t\t<!-- icon -->\n\t\t\t\t\t\t\t<div class=\"witr_pricing_icon\">\n\t\t\t\t\t\t\t\t\t\t\t\t\t\t\t<\/div>\t\t\t\t\n\t\t\t\t\t\t\t<!-- image -->\n\t\t\t\t\t\t\t\t\t\t\t\t\t\t\n\t\t\t\t\t\t\t<!-- ribon -->\t\n\t\t\t\t\t\t\t\t\t\t\t\t\t\t\t<strong>Popular <\/strong>\t\n\t\t\t\t\t\t\t\t\t\t\t\t\t\t\n\t\t\t\t\t\t\t<!--  price content -->\n\t\t\t\t\t\t\t\t\t\t\t\t\t\t<!-- offer price -->\n\t\t\t\t\t\t\t\t\t\t\t\t\t\t<!-- price\/currency\/month -->\n\t\t\t\t\t\t\t\t\t\t\t\t\t\t\t<h5><span>\u20ac<\/span>1000 <span> <\/span><\/h5>\n\t\t\t\t\t\t\t\t\t\t\t\t\t\t<!-- yearly -->\n\t\t\t\t\t\t\t\t\t\t\t\t\t\t\t<p>Este paquete es perfecto para empresas que buscan vender servicios en l\u00ednea y aceptar pagos a trav\u00e9s de su sitio web.<\/p>\t\n\t\t\t\t\t\t\t\t\t\t\t\t\t\t\n\t\t\t\t\t\t\t<!-- title -->\n\t\t\t\t\t\t\t\t\t\t\t\t\t\t\t<div class=\"pricing_bar_title\">\n\t\t\t\t\t\t\t\t\t<h4>Sitio web est\u00e1ndar <\/h4>\n\t\t\t\t\t\t\t\t<\/div>\n\t\t\t\t\t\t\t\t\t\t\t\t\t\t\n\n\t\t\t\t\t\t\t\t\t\t\t\t\t\t\t<!-- list -->\n\t\t\t\t\t\t\t\t<div class=\"witri_texti_list\">\n\t\t\t\t\t\t\t\t\t<ul>\n\t\t\t\t\t\t\t\t\t\t\t\t\t\t\t\t\t\t\t\t\t\t\t\t\t\t\t\t\t\t<li class=\" themex-item-ae48c13\" >\n\t\t\t\t\t\t\t\t\t\t\t\t<i class=\"fas fa-check\"><\/i>Dise\u00f1o de sitio web de comercio electr\u00f3nico personalizado con un dise\u00f1o adaptable a dispositivos m\u00f3viles.\t\t\t\t\t\t\t\t\t\t\t<\/li>\n\t\t\t\t\t\t\t\t\t\t\t\t\t\t\t\t\t\t\t\t\t<li class=\" themex-item-9a67382\" >\n\t\t\t\t\t\t\t\t\t\t\t\t<i class=\"fas fa-check\"><\/i>Configuraci\u00f3n del cat\u00e1logo de productos con hasta 50 listados de productos.\t\t\t\t\t\t\t\t\t\t\t<\/li>\n\t\t\t\t\t\t\t\t\t\t\t\t\t\t\t\t\t\t\t\t\t<li class=\" themex-item-8780911\" >\n\t\t\t\t\t\t\t\t\t\t\t\t<i class=\"fas fa-check\"><\/i>Integraci\u00f3n de pasarela de pago segura (por ejemplo, PayPal, Stripe u otras opciones preferidas).\t\t\t\t\t\t\t\t\t\t\t<\/li>\n\t\t\t\t\t\t\t\t\t\t\t\t\t\t\t\t\t\t\t\t\t<li class=\" themex-item-0fbbe5a\" >\n\t\t\t\t\t\t\t\t\t\t\t\t<i class=\"fas fa-check\"><\/i>Funcionalidad del carrito de compras.\t\t\t\t\t\t\t\t\t\t\t<\/li>\n\t\t\t\t\t\t\t\t\t\t\t\t\t\t\t\t\t\t\t\t\t<li class=\" themex-item-0652f5b\" >\n\t\t\t\t\t\t\t\t\t\t\t\t<i class=\"fas fa-check\"><\/i>Creaci\u00f3n y gesti\u00f3n de cuentas de usuario.\t\t\t\t\t\t\t\t\t\t\t<\/li>\n\t\t\t\t\t\t\t\t\t\t\t\t\t\t\t\t\t\t\t\t\t<li class=\" themex-item-ddd6009\" >\n\t\t\t\t\t\t\t\t\t\t\t\t<i class=\"fas fa-check\"><\/i>Sistema de pago y gesti\u00f3n de pedidos.\t\t\t\t\t\t\t\t\t\t\t<\/li>\n\t\t\t\t\t\t\t\t\t\t\t\t\t\t\t\t\t\t\t\t\t<li class=\" themex-item-072fa5f\" >\n\t\t\t\t\t\t\t\t\t\t\t\t<i class=\"fas fa-check\"><\/i>Certificado SSL para transacciones seguras.\t\t\t\t\t\t\t\t\t\t\t<\/li>\n\t\t\t\t\t\t\t\t\t\t\t\t\t\t\t\t\t\t\t\t\t<li class=\" themex-item-93878b4\" >\n\t\t\t\t\t\t\t\t\t\t\t\t<i class=\"fas fa-check\"><\/i>Optimizaci\u00f3n SEO on-page b\u00e1sica para p\u00e1ginas de productos.\t\t\t\t\t\t\t\t\t\t\t<\/li>\n\t\t\t\t\t\t\t\t\t\t\t\t\t\t\t\t\t\t\t\t\t<li class=\" themex-item-6afa82a\" >\n\t\t\t\t\t\t\t\t\t\t\t\t<i class=\"fas fa-check\"><\/i>Integraci\u00f3n de redes sociales.\t\t\t\t\t\t\t\t\t\t\t<\/li>\n\t\t\t\t\t\t\t\t\t\t\t\t\t\t\t\t\t\t\t\t\t<li class=\" themex-item-5f3e6a2\" >\n\t\t\t\t\t\t\t\t\t\t\t\t<i class=\"fas fa-check\"><\/i>Una ronda de revisiones.\t\t\t\t\t\t\t\t\t\t\t<\/li>\n\t\t\t\t\t\t\t\t\t\t\t\t\t\t\t\t\t\t\t\t\t<li class=\" themex-item-6514308\" >\n\t\t\t\t\t\t\t\t\t\t\t\t<i class=\"fas fa-check\"><\/i>Lanzamiento y despliegue del sitio web.\t\t\t\t\t\t\t\t\t\t\t<\/li>\n\t\t\t\t\t\t\t\t\t\t\t\t\t\t\t\t\t\t\t\t\t<li class=\" themex-item-2a368f1\" >\n\t\t\t\t\t\t\t\t\t\t\t\t<i class=\"fas fa-check\"><\/i>Capacitaci\u00f3n sobre c\u00f3mo administrar y actualizar tu tienda de comercio electr\u00f3nico.\t\t\t\t\t\t\t\t\t\t\t<\/li>\n\t\t\t\t\t\t\t\t\t\t\t\t\t\t\t\t\t\t\t\t\t<li class=\" themex-item-0ad4bfd\" >\n\t\t\t\t\t\t\t\t\t\t\t\t<i class=\"fas fa-check\"><\/i>Soporte b\u00e1sico durante el primer mes despu\u00e9s del lanzamiento.\t\t\t\t\t\t\t\t\t\t\t<\/li>\n\t\t\t\t\t\t\t\t\t\t\t\t\t\t\t\t\t\t\t\t\t<li class=\" themex-item-bed0605\" >\n\t\t\t\t\t\t\t\t\t\t\t\t<i class=\"fas fa-check\"><\/i>Sitio web biling\u00fce en ingl\u00e9s\/espa\u00f1ol\/italiano\t\t\t\t\t\t\t\t\t\t\t<\/li>\n\t\t\t\t\t\t\t\t\t\t\t\n\t\t\t\t\t\t\t\t\t<\/ul>\t\n\t\t\t\t\t\t\t\t<\/div>\n\t\t\t\t\t\t\t\t\t\t\t\t\t\t\n\t\t\t\t\t\t<!-- button -->\n\t\t\t\t\t\t\t\t\t\t\t\t<div class=\"witr_btnp_color\">\n\t\t\t\t\t\t\t<a  class=\"btn\" href=\"https:\/\/www.mundida.com\/es\/producto\/e-commerce-website\/\">Comprar ahora<\/a>\n\t\t\t\t\t\t<\/div>\t\t\t\n\t\t\t\t\t\t\t\t\t\t\t\t<!-- call -->\n\t\t\t\t\t\t\t\t\t\t\t\t\n                    <\/div> <!-- pricing part -->\n                <\/div>\n\t\t\t\t\t\t\t<\/div>\n\t\t\t\t<\/div>\n\t\t\t\t\t<\/div>\n\t\t<\/div>\n\t\t\t\t<div class=\"elementor-column elementor-col-33 elementor-inner-column elementor-element elementor-element-798a956\" data-id=\"798a956\" data-element_type=\"column\" data-e-type=\"column\">\n\t\t\t<div class=\"elementor-widget-wrap elementor-element-populated\">\n\t\t\t\t\t\t<div class=\"elementor-element elementor-element-1f3efb6 poket-star-rating--align-center poket-star-rating--align-center elementor-widget elementor-widget-witr_section_pricing\" data-id=\"1f3efb6\" data-element_type=\"widget\" data-e-type=\"widget\" data-widget_type=\"witr_section_pricing.default\">\n\t\t\t\t<div class=\"elementor-widget-container\">\n\t\t\t\t\t\t\t\t\t<div class=\"pricing_area all_pricing_color  \">\n                    <div class=\"pricing-part pricing_style_7 \">\n\t\n\t\t\t\t\t\t\t<!-- icon -->\n\t\t\t\t\t\t\t<div class=\"witr_pricing_icon\">\n\t\t\t\t\t\t\t\t\t\t\t\t\t\t\t<\/div>\t\t\t\t\n\t\t\t\t\t\t\t<!-- image -->\n\t\t\t\t\t\t\t\t\t\t\t\t\t\t\n\t\t\t\t\t\t\t<!-- ribon -->\t\n\t\t\t\t\t\t\t\t\t\t\t\t\t\t\n\t\t\t\t\t\t\t<!--  price content -->\n\t\t\t\t\t\t\t\t\t\t\t\t\t\t<!-- offer price -->\n\t\t\t\t\t\t\t\t\t\t\t\t\t\t<!-- price\/currency\/month -->\n\t\t\t\t\t\t\t\t\t\t\t\t\t\t\t<h5><span>\u20ac<\/span>2000 <span> <\/span><\/h5>\n\t\t\t\t\t\t\t\t\t\t\t\t\t\t<!-- yearly -->\n\t\t\t\t\t\t\t\t\t\t\t\t\t\t\t<p>Este paquete es para necesidades de comercio electr\u00f3nico m\u00e1s complejas, incluidas funciones avanzadas.<\/p>\t\n\t\t\t\t\t\t\t\t\t\t\t\t\t\t\n\t\t\t\t\t\t\t<!-- title -->\n\t\t\t\t\t\t\t\t\t\t\t\t\t\t\t<div class=\"pricing_bar_title\">\n\t\t\t\t\t\t\t\t\t<h4>e-Comercio complejo <\/h4>\n\t\t\t\t\t\t\t\t<\/div>\n\t\t\t\t\t\t\t\t\t\t\t\t\t\t\n\n\t\t\t\t\t\t\t\t\t\t\t\t\t\t\t<!-- list -->\n\t\t\t\t\t\t\t\t<div class=\"witri_texti_list\">\n\t\t\t\t\t\t\t\t\t<ul>\n\t\t\t\t\t\t\t\t\t\t\t\t\t\t\t\t\t\t\t\t\t\t\t\t\t\t\t\t\t\t<li class=\" themex-item-761aab8\" >\n\t\t\t\t\t\t\t\t\t\t\t\t<i class=\"fas fa-check\"><\/i>Dise\u00f1o de sitio web de comercio electr\u00f3nico personalizado con un dise\u00f1o adaptable a dispositivos m\u00f3viles.\t\t\t\t\t\t\t\t\t\t\t<\/li>\n\t\t\t\t\t\t\t\t\t\t\t\t\t\t\t\t\t\t\t\t\t<li class=\" themex-item-5f503a0\" >\n\t\t\t\t\t\t\t\t\t\t\t\t<i class=\"fas fa-check\"><\/i>Configuraci\u00f3n avanzada del cat\u00e1logo de productos con listados de productos ilimitados.\t\t\t\t\t\t\t\t\t\t\t<\/li>\n\t\t\t\t\t\t\t\t\t\t\t\t\t\t\t\t\t\t\t\t\t<li class=\" themex-item-eda81e1\" >\n\t\t\t\t\t\t\t\t\t\t\t\t<i class=\"fas fa-check\"><\/i>Soporte multidivisa y multiling\u00fce.\t\t\t\t\t\t\t\t\t\t\t<\/li>\n\t\t\t\t\t\t\t\t\t\t\t\t\t\t\t\t\t\t\t\t\t<li class=\" themex-item-915f2e1\" >\n\t\t\t\t\t\t\t\t\t\t\t\t<i class=\"fas fa-check\"><\/i>Integraci\u00f3n con un sistema integral de pasarela de pagos, incluyendo opciones internacionales.\t\t\t\t\t\t\t\t\t\t\t<\/li>\n\t\t\t\t\t\t\t\t\t\t\t\t\t\t\t\t\t\t\t\t\t<li class=\" themex-item-7c382fd\" >\n\t\t\t\t\t\t\t\t\t\t\t\t<i class=\"fas fa-check\"><\/i>Funcionalidad avanzada del carrito de compras con funciones como listas de deseos y comparaci\u00f3n.\t\t\t\t\t\t\t\t\t\t\t<\/li>\n\t\t\t\t\t\t\t\t\t\t\t\t\t\t\t\t\t\t\t\t\t<li class=\" themex-item-e0438eb\" >\n\t\t\t\t\t\t\t\t\t\t\t\t<i class=\"fas fa-check\"><\/i>Creaci\u00f3n y gesti\u00f3n de cuentas de usuario con perfiles de clientes.\t\t\t\t\t\t\t\t\t\t\t<\/li>\n\t\t\t\t\t\t\t\t\t\t\t\t\t\t\t\t\t\t\t\t\t<li class=\" themex-item-72c50a6\" >\n\t\t\t\t\t\t\t\t\t\t\t\t<i class=\"fas fa-check\"><\/i>Sistema de gesti\u00f3n de pagos y pedidos con seguimiento y an\u00e1lisis avanzados.\t\t\t\t\t\t\t\t\t\t\t<\/li>\n\t\t\t\t\t\t\t\t\t\t\t\t\t\t\t\t\t\t\t\t\t<li class=\" themex-item-cad62dd\" >\n\t\t\t\t\t\t\t\t\t\t\t\t<i class=\"fas fa-check\"><\/i>Soluciones de gesti\u00f3n de inventario y cumplimiento de pedidos.\t\t\t\t\t\t\t\t\t\t\t<\/li>\n\t\t\t\t\t\t\t\t\t\t\t\t\t\t\t\t\t\t\t\t\t<li class=\" themex-item-88fe0aa\" >\n\t\t\t\t\t\t\t\t\t\t\t\t<i class=\"fas fa-check\"><\/i>Certificado SSL para transacciones seguras.\t\t\t\t\t\t\t\t\t\t\t<\/li>\n\t\t\t\t\t\t\t\t\t\t\t\t\t\t\t\t\t\t\t\t\t<li class=\" themex-item-a87a076\" >\n\t\t\t\t\t\t\t\t\t\t\t\t<i class=\"fas fa-check\"><\/i>Optimizaci\u00f3n SEO on-page avanzada para p\u00e1ginas de productos.\t\t\t\t\t\t\t\t\t\t\t<\/li>\n\t\t\t\t\t\t\t\t\t\t\t\t\t\t\t\t\t\t\t\t\t<li class=\" themex-item-70030ce\" >\n\t\t\t\t\t\t\t\t\t\t\t\t<i class=\"fas fa-check\"><\/i>Integraci\u00f3n de redes sociales y funciones avanzadas de marketing.\t\t\t\t\t\t\t\t\t\t\t<\/li>\n\t\t\t\t\t\t\t\t\t\t\t\t\t\t\t\t\t\t\t\t\t<li class=\" themex-item-6bfeb3f\" >\n\t\t\t\t\t\t\t\t\t\t\t\t<i class=\"fas fa-check\"><\/i>Opciones personalizadas de b\u00fasqueda y filtrado de productos.\t\t\t\t\t\t\t\t\t\t\t<\/li>\n\t\t\t\t\t\t\t\t\t\t\t\t\t\t\t\t\t\t\t\t\t<li class=\" themex-item-6d4bc32\" >\n\t\t\t\t\t\t\t\t\t\t\t\t<i class=\"fas fa-check\"><\/i>Una ronda de revisiones.\t\t\t\t\t\t\t\t\t\t\t<\/li>\n\t\t\t\t\t\t\t\t\t\t\t\t\t\t\t\t\t\t\t\t\t<li class=\" themex-item-f94eada\" >\n\t\t\t\t\t\t\t\t\t\t\t\t<i class=\"fas fa-check\"><\/i>Lanzamiento y despliegue del sitio web.\t\t\t\t\t\t\t\t\t\t\t<\/li>\n\t\t\t\t\t\t\t\t\t\t\t\t\t\t\t\t\t\t\t\t\t<li class=\" themex-item-0786c99\" >\n\t\t\t\t\t\t\t\t\t\t\t\t<i class=\"fas fa-check\"><\/i>Texto ficticio\t\t\t\t\t\t\t\t\t\t\t<\/li>\n\t\t\t\t\t\t\t\t\t\t\t\t\t\t\t\t\t\t\t\t\t<li class=\" themex-item-2980606\" >\n\t\t\t\t\t\t\t\t\t\t\t\t<i class=\"fas fa-check\"><\/i>Capacitaci\u00f3n sobre c\u00f3mo administrar y actualizar su compleja tienda de comercio electr\u00f3nico.\t\t\t\t\t\t\t\t\t\t\t<\/li>\n\t\t\t\t\t\t\t\t\t\t\t\t\t\t\t\t\t\t\t\t\t<li class=\" themex-item-e3ff89a\" >\n\t\t\t\t\t\t\t\t\t\t\t\t<i class=\"fas fa-check\"><\/i>Soporte extendido durante los primeros tres meses despu\u00e9s del lanzamiento.\t\t\t\t\t\t\t\t\t\t\t<\/li>\n\t\t\t\t\t\t\t\t\t\t\t\t\t\t\t\t\t\t\t\t\t<li class=\" themex-item-a93f3b0\" >\n\t\t\t\t\t\t\t\t\t\t\t\t<i class=\"fas fa-check\"><\/i>Sitio multiling\u00fce con opci\u00f3n de ingl\u00e9s\/espa\u00f1ol\/italiano\t\t\t\t\t\t\t\t\t\t\t<\/li>\n\t\t\t\t\t\t\t\t\t\t\t\n\t\t\t\t\t\t\t\t\t<\/ul>\t\n\t\t\t\t\t\t\t\t<\/div>\n\t\t\t\t\t\t\t\t\t\t\t\t\t\t\n\t\t\t\t\t\t<!-- button -->\n\t\t\t\t\t\t\t\t\t\t\t\t<div class=\"witr_btnp_color\">\n\t\t\t\t\t\t\t<a  class=\"btn\" href=\"https:\/\/www.mundida.com\/es\/producto\/complex-e-commerce\/\">Comprar ahora<\/a>\n\t\t\t\t\t\t<\/div>\t\t\t\n\t\t\t\t\t\t\t\t\t\t\t\t<!-- call -->\n\t\t\t\t\t\t\t\t\t\t\t\t\n                    <\/div> <!-- pricing part -->\n                <\/div>\n\t\t\t\t\t\t\t<\/div>\n\t\t\t\t<\/div>\n\t\t\t\t\t<\/div>\n\t\t<\/div>\n\t\t\t\t\t<\/div>\n\t\t<\/section>\n\t\t\t\t\t<\/div>\n\t\t<\/div>\n\t\t\t\t\t<\/div>\n\t\t<\/section>\n\t\t\t\t<\/div>\n\t\t","protected":false},"excerpt":{"rendered":"<p>Nuovo pacchetto aggiornato per la creazione di siti Web \u20ac700 Este paquete es adecuado para empresas y profesionales que buscan una presencia en l\u00ednea atractiva y eficaz. Web corporativa Dise\u00f1o de sitio web personalizado con un dise\u00f1o adaptable a dispositivos m\u00f3viles. Hasta 10 p\u00e1ginas, incluida una p\u00e1gina de inicio, secciones sobre nosotros, servicios, contacto y [&hellip;]<\/p>\n","protected":false},"author":1,"featured_media":0,"parent":0,"menu_order":0,"comment_status":"closed","ping_status":"closed","template":"template-home.php","meta":{"om_disable_all_campaigns":false,"_monsterinsights_skip_tracking":false,"_monsterinsights_sitenote_active":false,"_monsterinsights_sitenote_note":"","_monsterinsights_sitenote_category":0,"footnotes":""},"class_list":["post-8971","page","type-page","status-publish","hentry"],"aioseo_notices":[],"_links":{"self":[{"href":"https:\/\/www.mundida.com\/es\/wp-json\/wp\/v2\/pages\/8971","targetHints":{"allow":["GET"]}}],"collection":[{"href":"https:\/\/www.mundida.com\/es\/wp-json\/wp\/v2\/pages"}],"about":[{"href":"https:\/\/www.mundida.com\/es\/wp-json\/wp\/v2\/types\/page"}],"author":[{"embeddable":true,"href":"https:\/\/www.mundida.com\/es\/wp-json\/wp\/v2\/users\/1"}],"replies":[{"embeddable":true,"href":"https:\/\/www.mundida.com\/es\/wp-json\/wp\/v2\/comments?post=8971"}],"version-history":[{"count":22,"href":"https:\/\/www.mundida.com\/es\/wp-json\/wp\/v2\/pages\/8971\/revisions"}],"predecessor-version":[{"id":9613,"href":"https:\/\/www.mundida.com\/es\/wp-json\/wp\/v2\/pages\/8971\/revisions\/9613"}],"wp:attachment":[{"href":"https:\/\/www.mundida.com\/es\/wp-json\/wp\/v2\/media?parent=8971"}],"curies":[{"name":"wp","href":"https:\/\/api.w.org\/{rel}","templated":true}]}}