{"id":9078,"date":"2023-10-22T19:43:10","date_gmt":"2023-10-22T17:43:10","guid":{"rendered":"https:\/\/www.mundida.com\/privacy-policy\/"},"modified":"2024-02-27T19:38:36","modified_gmt":"2024-02-27T18:38:36","slug":"politica-de-privacidad","status":"publish","type":"page","link":"https:\/\/www.mundida.com\/es\/politica-de-privacidad\/","title":{"rendered":"Pol\u00edtica de privacidad"},"content":{"rendered":"\t\t<div data-elementor-type=\"wp-page\" data-elementor-id=\"9078\" class=\"elementor elementor-9078 elementor-3\">\n\t\t\t\t<div class=\"elementor-element elementor-element-255966e5 e-flex e-con-boxed e-con e-parent\" data-id=\"255966e5\" data-element_type=\"container\" data-e-type=\"container\">\n\t\t\t\t\t<div class=\"e-con-inner\">\n\t\t\t\t<div class=\"elementor-element elementor-element-39167b38 elementor-widget elementor-widget-text-editor\" data-id=\"39167b38\" data-element_type=\"widget\" data-e-type=\"widget\" data-widget_type=\"text-editor.default\">\n\t\t\t\t<div class=\"elementor-widget-container\">\n\t\t\t\t\t\t\t\t\t\n                \n<h1 class=\"text-center\">Pol\u00edtica de privacidad<\/h1>\n\n\n<p><strong>Fecha de entrada en vigor: 27-02-2024<\/strong><\/p>\n<h3>Su privacidad es importante para nosotros<\/h3>\n\n    \n    \n    \n\n\n<p>La pol\u00edtica de MUNDIDA es respetar su privacidad con respecto a cualquier informaci\u00f3n que podamos recopilar mientras opera nuestro sitio web. La presente Pol\u00edtica de Privacidad se aplica a www.mundida.com\/ <a href=\"https:\/\/www.mundida.com\/es\/\"> (<\/a> en lo sucesivo, &#8220;nosotros&#8221; o &#8220;www.mundida.com\/&#8221;). Respetamos su privacidad y nos comprometemos a proteger la informaci\u00f3n de identificaci\u00f3n personal que pueda facilitarnos a trav\u00e9s del sitio web. Hemos adoptado esta pol\u00edtica de privacidad (&#8220;Pol\u00edtica de privacidad&#8221;) para explicar qu\u00e9 informaci\u00f3n puede recopilarse en nuestro sitio web, c\u00f3mo utilizamos esta informaci\u00f3n y en qu\u00e9 circunstancias podemos revelarla a terceros. Esta Pol\u00edtica de Privacidad se aplica \u00fanicamente a la informaci\u00f3n que recopilamos a trav\u00e9s del Sitio Web y no se aplica a nuestra recopilaci\u00f3n de informaci\u00f3n de otras fuentes.<\/p>\n<p>Esta Pol\u00edtica de privacidad, junto con las Condiciones del servicio publicadas en nuestro Sitio web, establecen las normas y pol\u00edticas generales que rigen el uso de nuestro Sitio web. En funci\u00f3n de las actividades que realice al visitar nuestro sitio web, es posible que se le solicite que acepte condiciones de servicio adicionales.<\/p><h2 id=\"tableofcontents\">Contenido<\/h2>\n<p>Haga clic a continuaci\u00f3n para ir a cualquier secci\u00f3n de esta pol\u00edtica de privacidad<\/p>\n<ol type=\"1\">\n    <li><a href=\"#websitevisitors\"><strong>Visitantes del sitio web<\/strong><\/a>\n<\/li>\n    <li><a href=\"#PII\"><strong>Informaci\u00f3n de identificaci\u00f3n personal<\/strong><\/a>\n<\/li>\n    <li><a href=\"#Security\"><strong>Seguridad<\/strong><\/a>\n<\/li>\n    <li><a href=\"#ExternalLinks\"><strong>Enlaces a sitios externos<\/strong><\/a>\n<\/li>\n    <li><a href=\"#PIIProtection\"><strong>Protecci\u00f3n de determinados datos personales<\/strong><\/a>\n<\/li>\n    <li><a href=\"#Cookies\"><strong>Cookies<\/strong><\/a>\n<\/li>\n    <li><a href=\"#Ecommerce\"><strong>Comercio electr\u00f3nico<\/strong><\/a>\n<\/li>\n    <li><a href=\"#Changes\"><strong>Cambios en la pol\u00edtica de privacidad<\/strong><\/a>\n<\/li>\n    <li><a href=\"#Credit\"><strong>Informaci\u00f3n de contacto y cr\u00e9dito<\/strong><\/a>\n<\/li>\n\n<\/ol>\n<h2 id=\"websitevisitors\">1. Visitantes del sitio web<\/h2><p>Al igual que la mayor\u00eda de los operadores de sitios web, MUNDIDA recopila informaci\u00f3n de identificaci\u00f3n no personal del tipo que los navegadores y servidores web suelen poner a disposici\u00f3n, como el tipo de navegador, preferencia de idioma, sitio de referencia y la fecha y hora de cada solicitud de visitante. El prop\u00f3sito de MUNDIDA al recopilar informaci\u00f3n de identificaci\u00f3n no personal es comprender mejor la forma en que los visitantes de MUNDIDA utilizan su sitio Web. Ocasionalmente, MUNDIDA puede publicar informaci\u00f3n de identificaci\u00f3n no personal de forma agregada, por ejemplo, mediante la publicaci\u00f3n de un informe sobre las tendencias de uso de su sitio web.<\/p>\n<p>MUNDIDA tambi\u00e9n recaba informaci\u00f3n potencialmente identificable como las direcciones IP de los usuarios registrados y de los usuarios que dejan comentarios en https:\/\/www.mundida.com\/. MUNDIDA s\u00f3lo divulga las direcciones IP de los usuarios registrados y de los comentaristas en las mismas circunstancias en que utiliza y divulga la informaci\u00f3n de identificaci\u00f3n personal que se describen a continuaci\u00f3n.<\/p>\n\n<p><a href=\"#tableofcontents\">Volver al \u00edndice<\/a><\/p><h2 id=\"PII\">2. Informaci\u00f3n de identificaci\u00f3n personal<\/h2><p>Ciertos visitantes a las p\u00e1ginas Web de MUNDIDA eligen interactuar con MUNDIDA de tal forma que requieren que MUNDIDA recopile informaci\u00f3n de identificaci\u00f3n personal. La cantidad y el tipo de informaci\u00f3n que MUNDIDA recopila dependen de la naturaleza de la interacci\u00f3n. Por ejemplo, pedimos a los visitantes que dejan un comentario en https:\/\/www.mundida.com\/ que proporcionen un nombre de usuario y una direcci\u00f3n de correo electr\u00f3nico.<\/p>\n\n<p><a href=\"#tableofcontents\">Volver al \u00edndice<\/a><\/p><h2 id=\"Security\">3. Seguridad<\/h2><p>La seguridad de sus datos personales es importante para nosotros, pero recuerde que ning\u00fan m\u00e9todo de transmisi\u00f3n por Internet o de almacenamiento electr\u00f3nico es seguro al 100%. Aunque nos esforzamos por utilizar medios comercialmente aceptables para proteger sus Datos Personales, no podemos garantizar su absoluta seguridad.<\/p>\n\n<p><a href=\"#tableofcontents\">Volver al \u00edndice<\/a><\/p><h2 id=\"ExternalLinks\">4. Enlaces a sitios externos<\/h2><p>Nuestro Servicio puede contener enlaces a sitios externos que no son operados por nosotros. Si hace clic en un enlace de terceros, ser\u00e1 dirigido al sitio web de ese tercero. Le recomendamos encarecidamente que revise la pol\u00edtica de privacidad y las condiciones de servicio de cada sitio que visite.<\/p>\n<p>No tenemos ning\u00fan control ni asumimos ninguna responsabilidad por el contenido, las pol\u00edticas de privacidad o las pr\u00e1cticas de los sitios, productos o servicios de terceros.<\/p>\n\n<p><a href=\"#tableofcontents\">Volver al \u00edndice<\/a><\/p><h2 id=\"PIIProtection\">5. Protecci\u00f3n de determinados datos personales<\/h2><p>MUNDIDA divulga informaci\u00f3n potencialmente identificable y de identificaci\u00f3n personal s\u00f3lo a aquellos de sus empleados, contratistas y organizaciones afiliadas que (i) necesitan conocer esa informaci\u00f3n para procesarla en nombre de MUNDIDA o para prestar los servicios disponibles en el sitio web de MUNDIDA, y (ii) que han acordado no divulgarla a terceros. Algunos de esos empleados, contratistas y organizaciones afiliadas pueden estar ubicados fuera de su pa\u00eds de origen; al utilizar el sitio web de MUNDIDA, usted da su consentimiento para que se les transfiera dicha informaci\u00f3n. MUNDIDA no alquilar\u00e1 ni vender\u00e1 a nadie la informaci\u00f3n que pueda identificarle personalmente. Adem\u00e1s de a sus empleados, contratistas y organizaciones afiliadas, seg\u00fan se describe anteriormente, MUNDIDA s\u00f3lo divulga informaci\u00f3n que potencialmente pueda identificarlo personalmente en respuesta a una citaci\u00f3n, orden judicial u otra solicitud gubernamental, o cuando MUNDIDA considere de buena fe que dicha divulgaci\u00f3n es razonablemente necesaria para proteger los bienes o derechos de MUNDIDA, de terceros o del p\u00fablico en general.<\/p>\n<p>Si es usted un usuario registrado de https:\/\/www.mundida.com\/ y nos ha proporcionado su direcci\u00f3n de correo electr\u00f3nico, MUNDIDA podr\u00e1 enviarle ocasionalmente un e-mail para informarle sobre nuevas caracter\u00edsticas, solicitar sus comentarios o simplemente para mantenerle al d\u00eda sobre lo que est\u00e1 sucediendo con MUNDIDA y nuestros productos. Utilizamos principalmente nuestro blog para comunicar este tipo de informaci\u00f3n, por lo que esperamos mantener este tipo de correo electr\u00f3nico al m\u00ednimo. Si nos env\u00eda una solicitud (por ejemplo, a trav\u00e9s de un correo electr\u00f3nico de asistencia o de uno de nuestros mecanismos de comentarios), nos reservamos el derecho a publicarla para ayudarnos a aclarar o responder a su solicitud o para ayudarnos a prestar asistencia a otros usuarios. MUNDIDA toma todas las medidas razonablemente necesarias para protegerse contra el acceso no autorizado, uso, alteraci\u00f3n o destrucci\u00f3n de informaci\u00f3n potencialmente identificable y de identificaci\u00f3n personal.<\/p>\n\n<p><a href=\"#tableofcontents\">Volver al \u00edndice<\/a><\/p><h2 id=\"Cookies\">6. Cookies<\/h2><p>Para enriquecer y perfeccionar su experiencia en l\u00ednea, MUNDIDA utiliza &#8220;Cookies&#8221;, tecnolog\u00edas similares y servicios prestados por terceros para mostrar contenidos personalizados, publicidad adecuada y almacenar sus preferencias en su ordenador.<\/p>\n<p>Una cookie es una cadena de informaci\u00f3n que un sitio web almacena en el ordenador de un visitante, y que el navegador del visitante proporciona al sitio web cada vez que el visitante regresa. MUNDIDA utiliza cookies para ayudar a MUNDIDA a identificar y rastrear a sus visitantes, el uso que le dan a https:\/\/www.mundida.com\/ y sus preferencias de acceso al sitio web. Los visitantes de MUNDIDA que no deseen que se instalen cookies en sus ordenadores deben configurar sus navegadores para que rechacen las cookies antes de utilizar los sitios web de MUNDIDA, con el inconveniente de que algunas caracter\u00edsticas de los sitios web de MUNDIDA pueden no funcionar correctamente sin la ayuda de las cookies.<\/p>\n<p>Si contin\u00faa navegando por nuestro sitio web sin cambiar la configuraci\u00f3n de cookies, reconoce y acepta el uso de cookies por parte de MUNDIDA.<\/p>\n\n<p><a href=\"#tableofcontents\">Volver al \u00edndice<\/a><\/p><h2 id=\"Ecommerce\">7. Comercio electr\u00f3nico<\/h2><p>A quienes realizan transacciones con MUNDIDA -comprando servicios o productos de MUNDIDA- se les pide que proporcionen informaci\u00f3n adicional, incluyendo, cuando sea necesario, la informaci\u00f3n personal y financiera requerida para procesar dichas transacciones. En cada caso, MUNDIDA recaba dicha informaci\u00f3n s\u00f3lo en la medida en que sea necesaria o apropiada para cumplir con el prop\u00f3sito de la interacci\u00f3n del visitante con MUNDIDA. MUNDIDA no revela informaci\u00f3n de identificaci\u00f3n personal que no sea la descrita a continuaci\u00f3n. Y los visitantes siempre pueden negarse a facilitar informaci\u00f3n de identificaci\u00f3n personal, con la advertencia de que ello puede impedirles participar en determinadas actividades relacionadas con el sitio web.<\/p>\n\n<p><a href=\"#tableofcontents\">Volver al \u00edndice<\/a><\/p><h2 id=\"Changes\">8. Cambios en la pol\u00edtica de privacidad<\/h2><p>Aunque es probable que la mayor\u00eda de los cambios sean de menor importancia, MUNDIDA puede cambiar su Pol\u00edtica de Privacidad de vez en cuando, y a la sola discreci\u00f3n de MUNDIDA. MUNDIDA anima a sus visitantes a consultar con frecuencia esta p\u00e1gina para comprobar si se han producido cambios en su Pol\u00edtica de Privacidad. Su uso continuado de este sitio despu\u00e9s de cualquier cambio en esta Pol\u00edtica de Privacidad constituir\u00e1 su aceptaci\u00f3n de dicho cambio.<\/p>\n\n<p><a href=\"#tableofcontents\">Volver al \u00edndice<\/a><\/p><h2 id=\"Credit\">9. Informaci\u00f3n de contacto y cr\u00e9dito<\/h2><p>Esta pol\u00edtica de privacidad fue creada en <a style=\"color:inherit;text-decoration:none;\" href=\"https:\/\/privacyterms.io\/privacy-policy-generator\/\" title=\"Generador de pol\u00edtica de privacidad\" target=\"_blank\">privacyterms.io privacy policy generator<\/a>. Si tiene alguna pregunta sobre nuestra Pol\u00edtica de privacidad, p\u00f3ngase en contacto con nosotros por <a href=\"mailto:info@mundida.com\">correo electr\u00f3nico<\/a> o por <a href=\"tel:\">tel\u00e9fono<\/a>.<\/p>\n\n<p><a href=\"#tableofcontents\">Volver al \u00edndice<\/a><\/p>            \t\t\t\t\t\t\t\t<\/div>\n\t\t\t\t<\/div>\n\t\t\t\t\t<\/div>\n\t\t\t\t<\/div>\n\t\t\t\t<\/div>\n\t\t","protected":false},"excerpt":{"rendered":"<p>Pol\u00edtica de privacidad Fecha de entrada en vigor: 27-02-2024 Su privacidad es importante para nosotros La pol\u00edtica de MUNDIDA es respetar su privacidad con respecto a cualquier informaci\u00f3n que podamos recopilar mientras opera nuestro sitio web. La presente Pol\u00edtica de Privacidad se aplica a www.mundida.com\/ ( en lo sucesivo, &#8220;nosotros&#8221; o &#8220;www.mundida.com\/&#8221;). Respetamos su privacidad [&hellip;]<\/p>\n","protected":false},"author":1,"featured_media":0,"parent":0,"menu_order":0,"comment_status":"closed","ping_status":"open","template":"","meta":{"om_disable_all_campaigns":false,"_monsterinsights_skip_tracking":false,"_monsterinsights_sitenote_active":false,"_monsterinsights_sitenote_note":"","_monsterinsights_sitenote_category":0,"footnotes":""},"class_list":["post-9078","page","type-page","status-publish","hentry"],"aioseo_notices":[],"_links":{"self":[{"href":"https:\/\/www.mundida.com\/es\/wp-json\/wp\/v2\/pages\/9078","targetHints":{"allow":["GET"]}}],"collection":[{"href":"https:\/\/www.mundida.com\/es\/wp-json\/wp\/v2\/pages"}],"about":[{"href":"https:\/\/www.mundida.com\/es\/wp-json\/wp\/v2\/types\/page"}],"author":[{"embeddable":true,"href":"https:\/\/www.mundida.com\/es\/wp-json\/wp\/v2\/users\/1"}],"replies":[{"embeddable":true,"href":"https:\/\/www.mundida.com\/es\/wp-json\/wp\/v2\/comments?post=9078"}],"version-history":[{"count":3,"href":"https:\/\/www.mundida.com\/es\/wp-json\/wp\/v2\/pages\/9078\/revisions"}],"predecessor-version":[{"id":10667,"href":"https:\/\/www.mundida.com\/es\/wp-json\/wp\/v2\/pages\/9078\/revisions\/10667"}],"wp:attachment":[{"href":"https:\/\/www.mundida.com\/es\/wp-json\/wp\/v2\/media?parent=9078"}],"curies":[{"name":"wp","href":"https:\/\/api.w.org\/{rel}","templated":true}]}}