{"id":10150,"date":"2024-01-20T18:36:20","date_gmt":"2024-01-20T17:36:20","guid":{"rendered":"https:\/\/www.mundida.com\/product\/50-hot-leads-for-banks-new-saving-account\/"},"modified":"2024-02-14T18:55:28","modified_gmt":"2024-02-14T17:55:28","slug":"105-hot-leads-for-banks-new-saving-account","status":"publish","type":"product","link":"https:\/\/www.mundida.com\/es\/producto\/105-hot-leads-for-banks-new-saving-account\/","title":{"rendered":"105 Hot Leads para Bancos: Cuenta nueva"},"content":{"rendered":"<p>T\u00e1cticas din\u00e1micas de generaci\u00f3n de clientes potenciales para impulsar el registro de nuevas cuentas bancarias<\/p>\n<h3>Servicio a la carta de generaci\u00f3n de prospectos B2B exclusivamente para la apertura de nuevas cuentas bancarias en Italia<\/h3>\n<ul>\n<li class=\" themex-item-b10c86d\"><i class=\"fas fa-check\"><\/i>105 clientes potenciales<\/li>\n<li class=\" themex-item-63d9a15\"><i class=\"fas fa-check\"><\/i>Plazo de entrega: 6 semanas<\/li>\n<li class=\" themex-item-a62f139\"><i class=\"fas fa-check\"><\/i>Reembolsable si no se entrega despu\u00e9s del plazo preestablecido<\/li>\n<li class=\" themex-item-2a29fe4\"><i class=\"fas fa-check\"><\/i>Cualificaci\u00f3n de cada cliente potencial mediante llamadas<\/li>\n<li class=\" themex-item-4d82a40\"><i class=\"fas fa-check\"><\/i>Clientes multiculturales con documentos de trabajo<\/li>\n<li class=\" themex-item-8e712e0\"><i class=\"fas fa-check\"><\/i>Transparencia garantizada<\/li>\n<li class=\" themex-item-f63b963\"><i class=\"fas fa-check\"><\/i>Retroalimentaci\u00f3n a trav\u00e9s del bucle CRM para la mejora continua<\/li>\n<\/ul>\n<p><a href=\"https:\/\/www.mundida.com\/terms-and-conditions\/\">Se aplican las condiciones generales<\/a><\/p>\n","protected":false},"excerpt":{"rendered":"<p>T\u00e1cticas din\u00e1micas de generaci\u00f3n de clientes potenciales para impulsar el registro de nuevas cuentas bancarias Servicio a la carta de generaci\u00f3n de prospectos B2B exclusivamente para la apertura de nuevas cuentas bancarias en Italia 105 clientes potenciales Plazo de entrega: 6 semanas Reembolsable si no se entrega despu\u00e9s del plazo preestablecido Cualificaci\u00f3n de cada cliente [&hellip;]<\/p>\n","protected":false},"featured_media":10016,"comment_status":"open","ping_status":"closed","template":"","meta":{"om_disable_all_campaigns":false,"_monsterinsights_skip_tracking":false,"_monsterinsights_sitenote_active":false,"_monsterinsights_sitenote_note":"","_monsterinsights_sitenote_category":0},"product_brand":[],"product_cat":[62],"product_tag":[],"class_list":{"0":"post-10150","1":"product","2":"type-product","3":"status-publish","4":"has-post-thumbnail","6":"product_cat-packages-es","8":"first","9":"instock","10":"virtual","11":"sold-individually","12":"purchasable","13":"product-type-simple"},"aioseo_notices":[],"_links":{"self":[{"href":"https:\/\/www.mundida.com\/es\/wp-json\/wp\/v2\/product\/10150","targetHints":{"allow":["GET"]}}],"collection":[{"href":"https:\/\/www.mundida.com\/es\/wp-json\/wp\/v2\/product"}],"about":[{"href":"https:\/\/www.mundida.com\/es\/wp-json\/wp\/v2\/types\/product"}],"replies":[{"embeddable":true,"href":"https:\/\/www.mundida.com\/es\/wp-json\/wp\/v2\/comments?post=10150"}],"wp:featuredmedia":[{"embeddable":true,"href":"https:\/\/www.mundida.com\/es\/wp-json\/wp\/v2\/media\/10016"}],"wp:attachment":[{"href":"https:\/\/www.mundida.com\/es\/wp-json\/wp\/v2\/media?parent=10150"}],"wp:term":[{"taxonomy":"product_brand","embeddable":true,"href":"https:\/\/www.mundida.com\/es\/wp-json\/wp\/v2\/product_brand?post=10150"},{"taxonomy":"product_cat","embeddable":true,"href":"https:\/\/www.mundida.com\/es\/wp-json\/wp\/v2\/product_cat?post=10150"},{"taxonomy":"product_tag","embeddable":true,"href":"https:\/\/www.mundida.com\/es\/wp-json\/wp\/v2\/product_tag?post=10150"}],"curies":[{"name":"wp","href":"https:\/\/api.w.org\/{rel}","templated":true}]}}