{"id":9235,"date":"2024-01-03T16:48:55","date_gmt":"2024-01-03T16:48:55","guid":{"rendered":"https:\/\/www.mundida.com\/product\/corporate-website-package\/"},"modified":"2024-01-08T07:00:52","modified_gmt":"2024-01-08T06:00:52","slug":"corporate-website-package","status":"publish","type":"product","link":"https:\/\/www.mundida.com\/es\/producto\/corporate-website-package\/","title":{"rendered":"Paquete web corporativo"},"content":{"rendered":"<p>Este paquete es adecuado para empresas y profesionales que buscan una presencia en l\u00ednea atractiva y eficaz.<\/p>\n","protected":false},"excerpt":{"rendered":"<div class=\"pricing_bar_title\">\n<h4><\/h4>\n<\/div>\n<div class=\"witri_texti_list\">\n<ul>\n<li class=\" themex-item-b10c86d\"><i class=\"fas fa-check\"><\/i>Dise\u00f1o web personalizado con un dise\u00f1o adaptado a dispositivos m\u00f3viles.<\/li>\n<li class=\" themex-item-63d9a15\"><i class=\"fas fa-check\"><\/i>Hasta 10 p\u00e1ginas, incluidas las secciones de p\u00e1gina de inicio, qui\u00e9nes somos, servicios, contacto y portafolio.<\/li>\n<li class=\" themex-item-2a29fe4\"><i class=\"fas fa-check\"><\/i>Integraci\u00f3n de una secci\u00f3n de portafolio para mostrar su trabajo o proyectos.<\/li>\n<li class=\" themex-item-4d82a40\"><i class=\"fas fa-check\"><\/i>Formulario de contacto para consultas de los usuarios.<\/li>\n<li class=\" themex-item-a62f139\"><i class=\"fas fa-check\"><\/i>Optimizaci\u00f3n SEO b\u00e1sica en la p\u00e1gina para mejorar la visibilidad.<\/li>\n<li class=\" themex-item-8e712e0\"><i class=\"fas fa-check\"><\/i>Integraci\u00f3n en las redes sociales.<\/li>\n<li class=\" themex-item-f63b963\"><i class=\"fas fa-check\"><\/i>Una ronda de revisiones.<\/li>\n<li class=\" themex-item-7bf087e\"><i class=\"fas fa-check\"><\/i>Lanzamiento y despliegue del sitio web.<\/li>\n<li class=\" themex-item-9444a45\"><i class=\"fas fa-check\"><\/i>Formaci\u00f3n sobre c\u00f3mo gestionar y actualizar su sitio web.<\/li>\n<li class=\" themex-item-1bd4ad2\"><i class=\"fas fa-check\"><\/i>Asistencia b\u00e1sica durante el primer mes tras el lanzamiento.<\/li>\n<\/ul>\n<\/div>\n","protected":false},"featured_media":8771,"comment_status":"open","ping_status":"closed","template":"","meta":{"om_disable_all_campaigns":false,"_monsterinsights_skip_tracking":false,"_monsterinsights_sitenote_active":false,"_monsterinsights_sitenote_note":"","_monsterinsights_sitenote_category":0},"product_brand":[],"product_cat":[62,63],"product_tag":[],"class_list":{"0":"post-9235","1":"product","2":"type-product","3":"status-publish","4":"has-post-thumbnail","6":"product_cat-packages-es","7":"product_cat-websites-es","9":"first","10":"instock","11":"virtual","12":"purchasable","13":"product-type-simple"},"aioseo_notices":[],"_links":{"self":[{"href":"https:\/\/www.mundida.com\/es\/wp-json\/wp\/v2\/product\/9235","targetHints":{"allow":["GET"]}}],"collection":[{"href":"https:\/\/www.mundida.com\/es\/wp-json\/wp\/v2\/product"}],"about":[{"href":"https:\/\/www.mundida.com\/es\/wp-json\/wp\/v2\/types\/product"}],"replies":[{"embeddable":true,"href":"https:\/\/www.mundida.com\/es\/wp-json\/wp\/v2\/comments?post=9235"}],"wp:featuredmedia":[{"embeddable":true,"href":"https:\/\/www.mundida.com\/es\/wp-json\/wp\/v2\/media\/8771"}],"wp:attachment":[{"href":"https:\/\/www.mundida.com\/es\/wp-json\/wp\/v2\/media?parent=9235"}],"wp:term":[{"taxonomy":"product_brand","embeddable":true,"href":"https:\/\/www.mundida.com\/es\/wp-json\/wp\/v2\/product_brand?post=9235"},{"taxonomy":"product_cat","embeddable":true,"href":"https:\/\/www.mundida.com\/es\/wp-json\/wp\/v2\/product_cat?post=9235"},{"taxonomy":"product_tag","embeddable":true,"href":"https:\/\/www.mundida.com\/es\/wp-json\/wp\/v2\/product_tag?post=9235"}],"curies":[{"name":"wp","href":"https:\/\/api.w.org\/{rel}","templated":true}]}}