{"id":9245,"date":"2024-01-03T17:12:36","date_gmt":"2024-01-03T17:12:36","guid":{"rendered":"https:\/\/www.mundida.com\/product\/complex-e-commerce\/"},"modified":"2024-01-08T08:24:48","modified_gmt":"2024-01-08T07:24:48","slug":"complex-e-commerce","status":"publish","type":"product","link":"https:\/\/www.mundida.com\/es\/producto\/complex-e-commerce\/","title":{"rendered":"Comercio electr\u00f3nico complejo"},"content":{"rendered":"<p>Este paquete es para necesidades de comercio electr\u00f3nico m\u00e1s complejas, incluidas funciones e integraciones avanzadas.<\/p>\n","protected":false},"excerpt":{"rendered":"<ul>\n<li class=\" themex-item-761aab8\"><i class=\"fas fa-check\"><\/i>Dise\u00f1o personalizado de sitios web de comercio electr\u00f3nico con un dise\u00f1o adaptado a dispositivos m\u00f3viles.<\/li>\n<li class=\" themex-item-5f503a0\"><i class=\"fas fa-check\"><\/i>Configuraci\u00f3n avanzada del cat\u00e1logo de productos con listados de productos ilimitados.<\/li>\n<li class=\" themex-item-eda81e1\"><i class=\"fas fa-check\"><\/i>Soporte multidivisa y multiling\u00fce.<\/li>\n<li class=\" themex-item-915f2e1\"><i class=\"fas fa-check\"><\/i>Integraci\u00f3n con un completo sistema de pasarelas de pago, incluidas opciones internacionales.<\/li>\n<li class=\" themex-item-7c382fd\"><i class=\"fas fa-check\"><\/i>Funcionalidad avanzada de carrito de la compra con funciones como listas de deseos y comparaci\u00f3n.<\/li>\n<li class=\" themex-item-e0438eb\"><i class=\"fas fa-check\"><\/i>Creaci\u00f3n y gesti\u00f3n de cuentas de usuario con perfiles de cliente.<\/li>\n<li class=\" themex-item-72c50a6\"><i class=\"fas fa-check\"><\/i>Sistema de pago y gesti\u00f3n de pedidos con seguimiento y an\u00e1lisis avanzados.<\/li>\n<li class=\" themex-item-cad62dd\"><i class=\"fas fa-check\"><\/i>Soluciones de gesti\u00f3n de inventarios y cumplimiento de pedidos.<\/li>\n<li class=\" themex-item-88fe0aa\"><i class=\"fas fa-check\"><\/i>Certificado SSL para transacciones seguras.<\/li>\n<li class=\" themex-item-a87a076\"><i class=\"fas fa-check\"><\/i>Optimizaci\u00f3n SEO on-page avanzada para p\u00e1ginas de productos.<\/li>\n<li class=\" themex-item-70030ce\"><i class=\"fas fa-check\"><\/i>Integraci\u00f3n de redes sociales y funciones avanzadas de marketing.<\/li>\n<li class=\" themex-item-6bfeb3f\"><i class=\"fas fa-check\"><\/i>Opciones personalizadas de b\u00fasqueda y filtrado de productos.<\/li>\n<li class=\" themex-item-6d4bc32\"><i class=\"fas fa-check\"><\/i>Una ronda de revisiones.<\/li>\n<li class=\" themex-item-f94eada\"><i class=\"fas fa-check\"><\/i>Lanzamiento y despliegue del sitio web.<\/li>\n<li class=\" themex-item-0786c99\"><i class=\"fas fa-check\"><\/i>Texto ficticio<\/li>\n<li class=\" themex-item-2980606\"><i class=\"fas fa-check\"><\/i>Formaci\u00f3n sobre c\u00f3mo gestionar y actualizar su compleja tienda de comercio electr\u00f3nico.<\/li>\n<li class=\" themex-item-e3ff89a\"><i class=\"fas fa-check\"><\/i>Asistencia ampliada durante los tres primeros meses tras el lanzamiento.<\/li>\n<\/ul>\n","protected":false},"featured_media":8817,"comment_status":"open","ping_status":"closed","template":"","meta":{"om_disable_all_campaigns":false,"_monsterinsights_skip_tracking":false,"_monsterinsights_sitenote_active":false,"_monsterinsights_sitenote_note":"","_monsterinsights_sitenote_category":0},"product_brand":[],"product_cat":[62,63],"product_tag":[],"class_list":{"0":"post-9245","1":"product","2":"type-product","3":"status-publish","4":"has-post-thumbnail","6":"product_cat-packages-es","7":"product_cat-websites-es","9":"first","10":"instock","11":"virtual","12":"purchasable","13":"product-type-simple"},"aioseo_notices":[],"_links":{"self":[{"href":"https:\/\/www.mundida.com\/es\/wp-json\/wp\/v2\/product\/9245","targetHints":{"allow":["GET"]}}],"collection":[{"href":"https:\/\/www.mundida.com\/es\/wp-json\/wp\/v2\/product"}],"about":[{"href":"https:\/\/www.mundida.com\/es\/wp-json\/wp\/v2\/types\/product"}],"replies":[{"embeddable":true,"href":"https:\/\/www.mundida.com\/es\/wp-json\/wp\/v2\/comments?post=9245"}],"wp:featuredmedia":[{"embeddable":true,"href":"https:\/\/www.mundida.com\/es\/wp-json\/wp\/v2\/media\/8817"}],"wp:attachment":[{"href":"https:\/\/www.mundida.com\/es\/wp-json\/wp\/v2\/media?parent=9245"}],"wp:term":[{"taxonomy":"product_brand","embeddable":true,"href":"https:\/\/www.mundida.com\/es\/wp-json\/wp\/v2\/product_brand?post=9245"},{"taxonomy":"product_cat","embeddable":true,"href":"https:\/\/www.mundida.com\/es\/wp-json\/wp\/v2\/product_cat?post=9245"},{"taxonomy":"product_tag","embeddable":true,"href":"https:\/\/www.mundida.com\/es\/wp-json\/wp\/v2\/product_tag?post=9245"}],"curies":[{"name":"wp","href":"https:\/\/api.w.org\/{rel}","templated":true}]}}