{"id":8970,"date":"2021-08-25T16:53:48","date_gmt":"2021-08-25T14:53:48","guid":{"rendered":"https:\/\/www.mundida.com\/pack-website-creation\/"},"modified":"2024-01-10T12:13:31","modified_gmt":"2024-01-10T11:13:31","slug":"pack-creazione-siti-web","status":"publish","type":"page","link":"https:\/\/www.mundida.com\/it\/pack-creazione-siti-web\/","title":{"rendered":"Creazione siti web"},"content":{"rendered":"\t\t<div data-elementor-type=\"wp-page\" data-elementor-id=\"8970\" class=\"elementor elementor-8970 elementor-4945\">\n\t\t\t\t\t\t<section class=\"elementor-section elementor-top-section elementor-element elementor-element-eea8b67 elementor-section-boxed elementor-section-height-default elementor-section-height-default\" data-id=\"eea8b67\" data-element_type=\"section\" data-e-type=\"section\">\n\t\t\t\t\t\t<div class=\"elementor-container elementor-column-gap-default\">\n\t\t\t\t\t<div class=\"elementor-column elementor-col-100 elementor-top-column elementor-element elementor-element-1cb3ada\" data-id=\"1cb3ada\" data-element_type=\"column\" data-e-type=\"column\">\n\t\t\t<div class=\"elementor-widget-wrap elementor-element-populated\">\n\t\t\t\t\t\t<div class=\"elementor-element elementor-element-dcb71c5 poket-star-rating--align-center elementor-widget elementor-widget-witr_section_title\" data-id=\"dcb71c5\" data-element_type=\"widget\" data-e-type=\"widget\" data-widget_type=\"witr_section_title.default\">\n\t\t\t\t<div class=\"elementor-widget-container\">\n\t\t\t\t\t\t\t\t\t\t<!-- title center -->\n\t\t\t\t\t<div class=\"witr_section_title\">\n\t\t\t\t\t\t<div class=\"witr_section_title_inner text-center\">\n\n\t\t\t\t\t\t\t<!-- icon position -->\n\t\t\t\t\t\t\t\t\n\t\t\t\t\t\t\t<!-- end icon position -->\n\t\t\t\t\t\t\t\n\t\t\t\t\t\t\n\t\t\t\t\t\t\t<!-- title top -->\n\t\t\t\t\t\t\t\n\n\t\t\t\t\t\t\t<!-- icon position -->\n\t\t\t\t\t\t\t\t\n\t\t\t\t\t\t\t<!-- end icon position -->\n\n\n\t\t\t\t\t\t\t\n\t\t\t\t\t\t\t<!-- title middle -->\n\t\t\t\t\t\t\t\t\t\t\t\t\t\t\t<h3>Nuovo pacchetto aggiornato per la creazione di siti Web<\/h3>\t\t\n\t\t\t\t\t\t\t\t\t\t\t\t\t\t<!-- title bottom -->\n\t\t\t\t\t\t\t\n\t\t\t\t\t\t\t\n\t\t\t\t\t\t\t\n\t\t\t\t\t\t\t\t\t\t\t\t\t\t\n\t\t\t\t\t\t\t<!-- image -->\n\t\t\t\t\t\t\t\t\t\t\t\t\t\t<!-- icon -->\n\t\t\t\t\t\t\t\t\t\t\t\t\t\t\n\t\t\t\t\t\t\t<!-- bar -->\n\t\t\t\t\t\t\t\t\t\t\t\t\t\t<!-- circle bar -->\n\t\t\t\t\t\t\t\t\t\t\t\t\t\t\n\t\t\t\t\t\t\t\t\n\t\t\t\t\t\t\t\n\n\t\t\t\t\t\t\t\n\t\t\t\t\t\t\t<!-- content -->\n\t\t\t\t\t\t\t\t\t\t\t\t\t\t\n\t\t\t\t\t\t<\/div>\n\t\t\t\t\t\t\t<!-- inner title -->\n\t\t\t\t\t\t\t\t\t\t\t\t\t\n\t\t\t\t\t<\/div>\n\n\t\t\t\t\t\t\t\t<\/div>\n\t\t\t\t<\/div>\n\t\t\t\t<section class=\"elementor-section elementor-inner-section elementor-element elementor-element-427afd0 elementor-section-boxed elementor-section-height-default elementor-section-height-default\" data-id=\"427afd0\" data-element_type=\"section\" data-e-type=\"section\">\n\t\t\t\t\t\t<div class=\"elementor-container elementor-column-gap-default\">\n\t\t\t\t\t<div class=\"elementor-column elementor-col-33 elementor-inner-column elementor-element elementor-element-85ffe83\" data-id=\"85ffe83\" data-element_type=\"column\" data-e-type=\"column\">\n\t\t\t<div class=\"elementor-widget-wrap elementor-element-populated\">\n\t\t\t\t\t\t<div class=\"elementor-element elementor-element-6aa2d55 poket-star-rating--align-center poket-star-rating--align-center elementor-widget elementor-widget-witr_section_pricing\" data-id=\"6aa2d55\" data-element_type=\"widget\" data-e-type=\"widget\" data-widget_type=\"witr_section_pricing.default\">\n\t\t\t\t<div class=\"elementor-widget-container\">\n\t\t\t\t\t\t\t\t\t<div class=\"pricing_area all_pricing_color  \">\n                    <div class=\"pricing-part pricing_style_7 \">\n\t\n\t\t\t\t\t\t\t<!-- icon -->\n\t\t\t\t\t\t\t<div class=\"witr_pricing_icon\">\n\t\t\t\t\t\t\t\t\t\t\t\t\t\t\t<\/div>\t\t\t\t\n\t\t\t\t\t\t\t<!-- image -->\n\t\t\t\t\t\t\t\t\t\t\t\t\t\t\n\t\t\t\t\t\t\t<!-- ribon -->\t\n\t\t\t\t\t\t\t\t\t\t\t\t\t\t\n\t\t\t\t\t\t\t<!--  price content -->\n\t\t\t\t\t\t\t\t\t\t\t\t\t\t<!-- offer price -->\n\t\t\t\t\t\t\t\t\t\t\t\t\t\t<!-- price\/currency\/month -->\n\t\t\t\t\t\t\t\t\t\t\t\t\t\t\t<h5><span>\u20ac<\/span>700 <span>  <\/span><\/h5>\n\t\t\t\t\t\t\t\t\t\t\t\t\t\t<!-- yearly -->\n\t\t\t\t\t\t\t\t\t\t\t\t\t\t\t<p>Questo pacchetto \u00e8 adatto ad aziende e professionisti che cercano una presenza online attraente ed efficace.<\/p>\t\n\t\t\t\t\t\t\t\t\t\t\t\t\t\t\n\t\t\t\t\t\t\t<!-- title -->\n\t\t\t\t\t\t\t\t\t\t\t\t\t\t\t<div class=\"pricing_bar_title\">\n\t\t\t\t\t\t\t\t\t<h4>Sito web aziendale <\/h4>\n\t\t\t\t\t\t\t\t<\/div>\n\t\t\t\t\t\t\t\t\t\t\t\t\t\t\n\n\t\t\t\t\t\t\t\t\t\t\t\t\t\t\t<!-- list -->\n\t\t\t\t\t\t\t\t<div class=\"witri_texti_list\">\n\t\t\t\t\t\t\t\t\t<ul>\n\t\t\t\t\t\t\t\t\t\t\t\t\t\t\t\t\t\t\t\t\t\t\t\t\t\t\t\t\t\t<li class=\" themex-item-b10c86d\" >\n\t\t\t\t\t\t\t\t\t\t\t\t<i class=\"fas fa-check\"><\/i>Progettazione di siti web personalizzati con layout mobile-responsive.\t\t\t\t\t\t\t\t\t\t\t<\/li>\n\t\t\t\t\t\t\t\t\t\t\t\t\t\t\t\t\t\t\t\t\t<li class=\" themex-item-63d9a15\" >\n\t\t\t\t\t\t\t\t\t\t\t\t<i class=\"fas fa-check\"><\/i>Fino a 10 pagine, inclusa una home page, su di noi, servizi, contatti e sezioni portfolio.\t\t\t\t\t\t\t\t\t\t\t<\/li>\n\t\t\t\t\t\t\t\t\t\t\t\t\t\t\t\t\t\t\t\t\t<li class=\" themex-item-2a29fe4\" >\n\t\t\t\t\t\t\t\t\t\t\t\t<i class=\"fas fa-check\"><\/i>Integrazione di una sezione portfolio per mostrare il tuo lavoro o progetti.\t\t\t\t\t\t\t\t\t\t\t<\/li>\n\t\t\t\t\t\t\t\t\t\t\t\t\t\t\t\t\t\t\t\t\t<li class=\" themex-item-4d82a40\" >\n\t\t\t\t\t\t\t\t\t\t\t\t<i class=\"fas fa-check\"><\/i>Modulo di contatto per le richieste degli utenti.\t\t\t\t\t\t\t\t\t\t\t<\/li>\n\t\t\t\t\t\t\t\t\t\t\t\t\t\t\t\t\t\t\t\t\t<li class=\" themex-item-a62f139\" >\n\t\t\t\t\t\t\t\t\t\t\t\t<i class=\"fas fa-check\"><\/i>Ottimizzazione SEO on-page di base per una migliore visibilit\u00e0.\t\t\t\t\t\t\t\t\t\t\t<\/li>\n\t\t\t\t\t\t\t\t\t\t\t\t\t\t\t\t\t\t\t\t\t<li class=\" themex-item-8e712e0\" >\n\t\t\t\t\t\t\t\t\t\t\t\t<i class=\"fas fa-check\"><\/i>Integrazione dei social media.\t\t\t\t\t\t\t\t\t\t\t<\/li>\n\t\t\t\t\t\t\t\t\t\t\t\t\t\t\t\t\t\t\t\t\t<li class=\" themex-item-f63b963\" >\n\t\t\t\t\t\t\t\t\t\t\t\t<i class=\"fas fa-check\"><\/i>Un giro di revisioni.\t\t\t\t\t\t\t\t\t\t\t<\/li>\n\t\t\t\t\t\t\t\t\t\t\t\t\t\t\t\t\t\t\t\t\t<li class=\" themex-item-7bf087e\" >\n\t\t\t\t\t\t\t\t\t\t\t\t<i class=\"fas fa-check\"><\/i>Lancio e distribuzione del sito web.\t\t\t\t\t\t\t\t\t\t\t<\/li>\n\t\t\t\t\t\t\t\t\t\t\t\t\t\t\t\t\t\t\t\t\t<li class=\" themex-item-9444a45\" >\n\t\t\t\t\t\t\t\t\t\t\t\t<i class=\"fas fa-check\"><\/i>Formazione su come gestire e aggiornare il tuo sito web.\t\t\t\t\t\t\t\t\t\t\t<\/li>\n\t\t\t\t\t\t\t\t\t\t\t\t\t\t\t\t\t\t\t\t\t<li class=\" themex-item-1bd4ad2\" >\n\t\t\t\t\t\t\t\t\t\t\t\t<i class=\"fas fa-check\"><\/i>Supporto di base per il primo mese dopo il lancio.\t\t\t\t\t\t\t\t\t\t\t<\/li>\n\t\t\t\t\t\t\t\t\t\t\t\t\t\t\t\t\t\t\t\t\t<li class=\" themex-item-c93b3f2\" >\n\t\t\t\t\t\t\t\t\t\t\t\t<i class=\"fas fa-check\"><\/i>Sito web in un'unica lingua a scelta inglese\/spagnolo\/italiano\t\t\t\t\t\t\t\t\t\t\t<\/li>\n\t\t\t\t\t\t\t\t\t\t\t\n\t\t\t\t\t\t\t\t\t<\/ul>\t\n\t\t\t\t\t\t\t\t<\/div>\n\t\t\t\t\t\t\t\t\t\t\t\t\t\t\n\t\t\t\t\t\t<!-- button -->\n\t\t\t\t\t\t\t\t\t\t\t\t<div class=\"witr_btnp_color\">\n\t\t\t\t\t\t\t<a  class=\"btn\" href=\"https:\/\/www.mundida.com\/product\/corporate-website-package\/\">Acquista ora<\/a>\n\t\t\t\t\t\t<\/div>\t\t\t\n\t\t\t\t\t\t\t\t\t\t\t\t<!-- call -->\n\t\t\t\t\t\t\t\t\t\t\t\t\n                    <\/div> <!-- pricing part -->\n                <\/div>\n\t\t\t\t\t\t\t<\/div>\n\t\t\t\t<\/div>\n\t\t\t\t\t<\/div>\n\t\t<\/div>\n\t\t\t\t<div class=\"elementor-column elementor-col-33 elementor-inner-column elementor-element elementor-element-1b6583e\" data-id=\"1b6583e\" data-element_type=\"column\" data-e-type=\"column\">\n\t\t\t<div class=\"elementor-widget-wrap elementor-element-populated\">\n\t\t\t\t\t\t<div class=\"elementor-element elementor-element-d359a14 poket-star-rating--align-center poket-star-rating--align-center elementor-widget elementor-widget-witr_section_pricing\" data-id=\"d359a14\" data-element_type=\"widget\" data-e-type=\"widget\" data-widget_type=\"witr_section_pricing.default\">\n\t\t\t\t<div class=\"elementor-widget-container\">\n\t\t\t\t\t\t\t\t\t<div class=\"pricing_area all_pricing_color  \">\n                    <div class=\"pricing-part pricing_style_7 \">\n\t\n\t\t\t\t\t\t\t<!-- icon -->\n\t\t\t\t\t\t\t<div class=\"witr_pricing_icon\">\n\t\t\t\t\t\t\t\t\t\t\t\t\t\t\t<\/div>\t\t\t\t\n\t\t\t\t\t\t\t<!-- image -->\n\t\t\t\t\t\t\t\t\t\t\t\t\t\t\n\t\t\t\t\t\t\t<!-- ribon -->\t\n\t\t\t\t\t\t\t\t\t\t\t\t\t\t\t<strong>Popolare <\/strong>\t\n\t\t\t\t\t\t\t\t\t\t\t\t\t\t\n\t\t\t\t\t\t\t<!--  price content -->\n\t\t\t\t\t\t\t\t\t\t\t\t\t\t<!-- offer price -->\n\t\t\t\t\t\t\t\t\t\t\t\t\t\t<!-- price\/currency\/month -->\n\t\t\t\t\t\t\t\t\t\t\t\t\t\t\t<h5><span>\u20ac<\/span>1000 <span> <\/span><\/h5>\n\t\t\t\t\t\t\t\t\t\t\t\t\t\t<!-- yearly -->\n\t\t\t\t\t\t\t\t\t\t\t\t\t\t\t<p>Questo pacchetto \u00e8 perfetto per le aziende che vogliono vendere servizi online e accettare pagamenti tramite il sito web.<\/p>\t\n\t\t\t\t\t\t\t\t\t\t\t\t\t\t\n\t\t\t\t\t\t\t<!-- title -->\n\t\t\t\t\t\t\t\t\t\t\t\t\t\t\t<div class=\"pricing_bar_title\">\n\t\t\t\t\t\t\t\t\t<h4>Sito web completo <\/h4>\n\t\t\t\t\t\t\t\t<\/div>\n\t\t\t\t\t\t\t\t\t\t\t\t\t\t\n\n\t\t\t\t\t\t\t\t\t\t\t\t\t\t\t<!-- list -->\n\t\t\t\t\t\t\t\t<div class=\"witri_texti_list\">\n\t\t\t\t\t\t\t\t\t<ul>\n\t\t\t\t\t\t\t\t\t\t\t\t\t\t\t\t\t\t\t\t\t\t\t\t\t\t\t\t\t\t<li class=\" themex-item-ae48c13\" >\n\t\t\t\t\t\t\t\t\t\t\t\t<i class=\"fas fa-check\"><\/i>Progettazione di siti web di e-commerce personalizzati con layout mobile-responsive.\t\t\t\t\t\t\t\t\t\t\t<\/li>\n\t\t\t\t\t\t\t\t\t\t\t\t\t\t\t\t\t\t\t\t\t<li class=\" themex-item-9a67382\" >\n\t\t\t\t\t\t\t\t\t\t\t\t<i class=\"fas fa-check\"><\/i>Configurazione del catalogo prodotti con un massimo di 50 elenchi di prodotti.\t\t\t\t\t\t\t\t\t\t\t<\/li>\n\t\t\t\t\t\t\t\t\t\t\t\t\t\t\t\t\t\t\t\t\t<li class=\" themex-item-8780911\" >\n\t\t\t\t\t\t\t\t\t\t\t\t<i class=\"fas fa-check\"><\/i>Integrazione sicura del gateway di pagamento (ad esempio PayPal, Stripe o altre opzioni preferite).\t\t\t\t\t\t\t\t\t\t\t<\/li>\n\t\t\t\t\t\t\t\t\t\t\t\t\t\t\t\t\t\t\t\t\t<li class=\" themex-item-0fbbe5a\" >\n\t\t\t\t\t\t\t\t\t\t\t\t<i class=\"fas fa-check\"><\/i>Funzionalit\u00e0 del carrello.\t\t\t\t\t\t\t\t\t\t\t<\/li>\n\t\t\t\t\t\t\t\t\t\t\t\t\t\t\t\t\t\t\t\t\t<li class=\" themex-item-0652f5b\" >\n\t\t\t\t\t\t\t\t\t\t\t\t<i class=\"fas fa-check\"><\/i>Creazione e gestione account utente.\t\t\t\t\t\t\t\t\t\t\t<\/li>\n\t\t\t\t\t\t\t\t\t\t\t\t\t\t\t\t\t\t\t\t\t<li class=\" themex-item-ddd6009\" >\n\t\t\t\t\t\t\t\t\t\t\t\t<i class=\"fas fa-check\"><\/i>Sistema di checkout e gestione degli ordini.\t\t\t\t\t\t\t\t\t\t\t<\/li>\n\t\t\t\t\t\t\t\t\t\t\t\t\t\t\t\t\t\t\t\t\t<li class=\" themex-item-072fa5f\" >\n\t\t\t\t\t\t\t\t\t\t\t\t<i class=\"fas fa-check\"><\/i>Certificato SSL per transazioni sicure.\t\t\t\t\t\t\t\t\t\t\t<\/li>\n\t\t\t\t\t\t\t\t\t\t\t\t\t\t\t\t\t\t\t\t\t<li class=\" themex-item-93878b4\" >\n\t\t\t\t\t\t\t\t\t\t\t\t<i class=\"fas fa-check\"><\/i>Ottimizzazione SEO on-page di base per le pagine dei prodotti.\t\t\t\t\t\t\t\t\t\t\t<\/li>\n\t\t\t\t\t\t\t\t\t\t\t\t\t\t\t\t\t\t\t\t\t<li class=\" themex-item-6afa82a\" >\n\t\t\t\t\t\t\t\t\t\t\t\t<i class=\"fas fa-check\"><\/i>Integrazione dei social media.\t\t\t\t\t\t\t\t\t\t\t<\/li>\n\t\t\t\t\t\t\t\t\t\t\t\t\t\t\t\t\t\t\t\t\t<li class=\" themex-item-5f3e6a2\" >\n\t\t\t\t\t\t\t\t\t\t\t\t<i class=\"fas fa-check\"><\/i>Un giro di revisioni.\t\t\t\t\t\t\t\t\t\t\t<\/li>\n\t\t\t\t\t\t\t\t\t\t\t\t\t\t\t\t\t\t\t\t\t<li class=\" themex-item-6514308\" >\n\t\t\t\t\t\t\t\t\t\t\t\t<i class=\"fas fa-check\"><\/i>Lancio e distribuzione del sito web.\t\t\t\t\t\t\t\t\t\t\t<\/li>\n\t\t\t\t\t\t\t\t\t\t\t\t\t\t\t\t\t\t\t\t\t<li class=\" themex-item-2a368f1\" >\n\t\t\t\t\t\t\t\t\t\t\t\t<i class=\"fas fa-check\"><\/i>Formazione su come gestire e aggiornare il tuo negozio e-commerce.\t\t\t\t\t\t\t\t\t\t\t<\/li>\n\t\t\t\t\t\t\t\t\t\t\t\t\t\t\t\t\t\t\t\t\t<li class=\" themex-item-0ad4bfd\" >\n\t\t\t\t\t\t\t\t\t\t\t\t<i class=\"fas fa-check\"><\/i>Supporto di base per il primo mese dopo il lancio.\t\t\t\t\t\t\t\t\t\t\t<\/li>\n\t\t\t\t\t\t\t\t\t\t\t\t\t\t\t\t\t\t\t\t\t<li class=\" themex-item-a6e0de0\" >\n\t\t\t\t\t\t\t\t\t\t\t\t<i class=\"fas fa-check\"><\/i>Sito web in bilingue a scelta inglese\/spagnolo\/italiano\t\t\t\t\t\t\t\t\t\t\t<\/li>\n\t\t\t\t\t\t\t\t\t\t\t\n\t\t\t\t\t\t\t\t\t<\/ul>\t\n\t\t\t\t\t\t\t\t<\/div>\n\t\t\t\t\t\t\t\t\t\t\t\t\t\t\n\t\t\t\t\t\t<!-- button -->\n\t\t\t\t\t\t\t\t\t\t\t\t<div class=\"witr_btnp_color\">\n\t\t\t\t\t\t\t<a  class=\"btn\" href=\"https:\/\/www.mundida.com\/it\/prodotto\/e-commerce-website\/\">Acquista ora<\/a>\n\t\t\t\t\t\t<\/div>\t\t\t\n\t\t\t\t\t\t\t\t\t\t\t\t<!-- call -->\n\t\t\t\t\t\t\t\t\t\t\t\t\n                    <\/div> <!-- pricing part -->\n                <\/div>\n\t\t\t\t\t\t\t<\/div>\n\t\t\t\t<\/div>\n\t\t\t\t\t<\/div>\n\t\t<\/div>\n\t\t\t\t<div class=\"elementor-column elementor-col-33 elementor-inner-column elementor-element elementor-element-798a956\" data-id=\"798a956\" data-element_type=\"column\" data-e-type=\"column\">\n\t\t\t<div class=\"elementor-widget-wrap elementor-element-populated\">\n\t\t\t\t\t\t<div class=\"elementor-element elementor-element-1f3efb6 poket-star-rating--align-center poket-star-rating--align-center elementor-widget elementor-widget-witr_section_pricing\" data-id=\"1f3efb6\" data-element_type=\"widget\" data-e-type=\"widget\" data-widget_type=\"witr_section_pricing.default\">\n\t\t\t\t<div class=\"elementor-widget-container\">\n\t\t\t\t\t\t\t\t\t<div class=\"pricing_area all_pricing_color  \">\n                    <div class=\"pricing-part pricing_style_7 \">\n\t\n\t\t\t\t\t\t\t<!-- icon -->\n\t\t\t\t\t\t\t<div class=\"witr_pricing_icon\">\n\t\t\t\t\t\t\t\t\t\t\t\t\t\t\t<\/div>\t\t\t\t\n\t\t\t\t\t\t\t<!-- image -->\n\t\t\t\t\t\t\t\t\t\t\t\t\t\t\n\t\t\t\t\t\t\t<!-- ribon -->\t\n\t\t\t\t\t\t\t\t\t\t\t\t\t\t\n\t\t\t\t\t\t\t<!--  price content -->\n\t\t\t\t\t\t\t\t\t\t\t\t\t\t<!-- offer price -->\n\t\t\t\t\t\t\t\t\t\t\t\t\t\t<!-- price\/currency\/month -->\n\t\t\t\t\t\t\t\t\t\t\t\t\t\t\t<h5><span>\u20ac<\/span>2000 <span> <\/span><\/h5>\n\t\t\t\t\t\t\t\t\t\t\t\t\t\t<!-- yearly -->\n\t\t\t\t\t\t\t\t\t\t\t\t\t\t\t<p>Questo pacchetto \u00e8 destinato alle esigenze di e-commerce pi\u00f9 complesse, comprese funzionalit\u00e0 e integrazioni avanzate.<\/p>\t\n\t\t\t\t\t\t\t\t\t\t\t\t\t\t\n\t\t\t\t\t\t\t<!-- title -->\n\t\t\t\t\t\t\t\t\t\t\t\t\t\t\t<div class=\"pricing_bar_title\">\n\t\t\t\t\t\t\t\t\t<h4>E-commerce complesso <\/h4>\n\t\t\t\t\t\t\t\t<\/div>\n\t\t\t\t\t\t\t\t\t\t\t\t\t\t\n\n\t\t\t\t\t\t\t\t\t\t\t\t\t\t\t<!-- list -->\n\t\t\t\t\t\t\t\t<div class=\"witri_texti_list\">\n\t\t\t\t\t\t\t\t\t<ul>\n\t\t\t\t\t\t\t\t\t\t\t\t\t\t\t\t\t\t\t\t\t\t\t\t\t\t\t\t\t\t<li class=\" themex-item-761aab8\" >\n\t\t\t\t\t\t\t\t\t\t\t\t<i class=\"fas fa-check\"><\/i>Progettazione di siti web di e-commerce personalizzati con layout mobile-responsive.\t\t\t\t\t\t\t\t\t\t\t<\/li>\n\t\t\t\t\t\t\t\t\t\t\t\t\t\t\t\t\t\t\t\t\t<li class=\" themex-item-5f503a0\" >\n\t\t\t\t\t\t\t\t\t\t\t\t<i class=\"fas fa-check\"><\/i>Configurazione avanzata del catalogo prodotti con elenchi di prodotti illimitati.\t\t\t\t\t\t\t\t\t\t\t<\/li>\n\t\t\t\t\t\t\t\t\t\t\t\t\t\t\t\t\t\t\t\t\t<li class=\" themex-item-eda81e1\" >\n\t\t\t\t\t\t\t\t\t\t\t\t<i class=\"fas fa-check\"><\/i>Supporto multivaluta e multilingue.\t\t\t\t\t\t\t\t\t\t\t<\/li>\n\t\t\t\t\t\t\t\t\t\t\t\t\t\t\t\t\t\t\t\t\t<li class=\" themex-item-915f2e1\" >\n\t\t\t\t\t\t\t\t\t\t\t\t<i class=\"fas fa-check\"><\/i>Integrazione con un sistema completo di gateway di pagamento, comprese opzioni internazionali.\t\t\t\t\t\t\t\t\t\t\t<\/li>\n\t\t\t\t\t\t\t\t\t\t\t\t\t\t\t\t\t\t\t\t\t<li class=\" themex-item-7c382fd\" >\n\t\t\t\t\t\t\t\t\t\t\t\t<i class=\"fas fa-check\"><\/i>Funzionalit\u00e0 avanzata del carrello con funzionalit\u00e0 come liste dei desideri e confronto.\t\t\t\t\t\t\t\t\t\t\t<\/li>\n\t\t\t\t\t\t\t\t\t\t\t\t\t\t\t\t\t\t\t\t\t<li class=\" themex-item-e0438eb\" >\n\t\t\t\t\t\t\t\t\t\t\t\t<i class=\"fas fa-check\"><\/i>Creazione e gestione account utente con profili cliente.\t\t\t\t\t\t\t\t\t\t\t<\/li>\n\t\t\t\t\t\t\t\t\t\t\t\t\t\t\t\t\t\t\t\t\t<li class=\" themex-item-72c50a6\" >\n\t\t\t\t\t\t\t\t\t\t\t\t<i class=\"fas fa-check\"><\/i>Sistema di pagamento e gestione degli ordini con tracciamento e analisi avanzati.\t\t\t\t\t\t\t\t\t\t\t<\/li>\n\t\t\t\t\t\t\t\t\t\t\t\t\t\t\t\t\t\t\t\t\t<li class=\" themex-item-cad62dd\" >\n\t\t\t\t\t\t\t\t\t\t\t\t<i class=\"fas fa-check\"><\/i>Soluzioni per la gestione del magazzino e l'evasione degli ordini.\t\t\t\t\t\t\t\t\t\t\t<\/li>\n\t\t\t\t\t\t\t\t\t\t\t\t\t\t\t\t\t\t\t\t\t<li class=\" themex-item-88fe0aa\" >\n\t\t\t\t\t\t\t\t\t\t\t\t<i class=\"fas fa-check\"><\/i>Certificato SSL per transazioni sicure.\t\t\t\t\t\t\t\t\t\t\t<\/li>\n\t\t\t\t\t\t\t\t\t\t\t\t\t\t\t\t\t\t\t\t\t<li class=\" themex-item-a87a076\" >\n\t\t\t\t\t\t\t\t\t\t\t\t<i class=\"fas fa-check\"><\/i>Ottimizzazione SEO on-page avanzata per le pagine dei prodotti.\t\t\t\t\t\t\t\t\t\t\t<\/li>\n\t\t\t\t\t\t\t\t\t\t\t\t\t\t\t\t\t\t\t\t\t<li class=\" themex-item-70030ce\" >\n\t\t\t\t\t\t\t\t\t\t\t\t<i class=\"fas fa-check\"><\/i>Integrazione dei social media e funzionalit\u00e0 di marketing avanzate.\t\t\t\t\t\t\t\t\t\t\t<\/li>\n\t\t\t\t\t\t\t\t\t\t\t\t\t\t\t\t\t\t\t\t\t<li class=\" themex-item-6bfeb3f\" >\n\t\t\t\t\t\t\t\t\t\t\t\t<i class=\"fas fa-check\"><\/i>Opzioni personalizzate di ricerca e filtraggio dei prodotti.\t\t\t\t\t\t\t\t\t\t\t<\/li>\n\t\t\t\t\t\t\t\t\t\t\t\t\t\t\t\t\t\t\t\t\t<li class=\" themex-item-6d4bc32\" >\n\t\t\t\t\t\t\t\t\t\t\t\t<i class=\"fas fa-check\"><\/i>Un giro di revisioni.\t\t\t\t\t\t\t\t\t\t\t<\/li>\n\t\t\t\t\t\t\t\t\t\t\t\t\t\t\t\t\t\t\t\t\t<li class=\" themex-item-f94eada\" >\n\t\t\t\t\t\t\t\t\t\t\t\t<i class=\"fas fa-check\"><\/i>Lancio e distribuzione del sito web.\t\t\t\t\t\t\t\t\t\t\t<\/li>\n\t\t\t\t\t\t\t\t\t\t\t\t\t\t\t\t\t\t\t\t\t<li class=\" themex-item-0786c99\" >\n\t\t\t\t\t\t\t\t\t\t\t\t<i class=\"fas fa-check\"><\/i>Testo fittizio\t\t\t\t\t\t\t\t\t\t\t<\/li>\n\t\t\t\t\t\t\t\t\t\t\t\t\t\t\t\t\t\t\t\t\t<li class=\" themex-item-2980606\" >\n\t\t\t\t\t\t\t\t\t\t\t\t<i class=\"fas fa-check\"><\/i>Formazione su come gestire e aggiornare il tuo complesso negozio e-commerce.\t\t\t\t\t\t\t\t\t\t\t<\/li>\n\t\t\t\t\t\t\t\t\t\t\t\t\t\t\t\t\t\t\t\t\t<li class=\" themex-item-e3ff89a\" >\n\t\t\t\t\t\t\t\t\t\t\t\t<i class=\"fas fa-check\"><\/i>Supporto esteso per i primi tre mesi dopo il lancio.\t\t\t\t\t\t\t\t\t\t\t<\/li>\n\t\t\t\t\t\t\t\t\t\t\t\t\t\t\t\t\t\t\t\t\t<li class=\" themex-item-d4fa1cc\" >\n\t\t\t\t\t\t\t\t\t\t\t\t<i class=\"fas fa-check\"><\/i>Sito multilingue a scelta inglese\/spagnolo\/italiano\t\t\t\t\t\t\t\t\t\t\t<\/li>\n\t\t\t\t\t\t\t\t\t\t\t\n\t\t\t\t\t\t\t\t\t<\/ul>\t\n\t\t\t\t\t\t\t\t<\/div>\n\t\t\t\t\t\t\t\t\t\t\t\t\t\t\n\t\t\t\t\t\t<!-- button -->\n\t\t\t\t\t\t\t\t\t\t\t\t<div class=\"witr_btnp_color\">\n\t\t\t\t\t\t\t<a  class=\"btn\" href=\"https:\/\/www.mundida.com\/it\/prodotto\/complex-e-commerce\/\">Acquista ora<\/a>\n\t\t\t\t\t\t<\/div>\t\t\t\n\t\t\t\t\t\t\t\t\t\t\t\t<!-- call -->\n\t\t\t\t\t\t\t\t\t\t\t\t\n                    <\/div> <!-- pricing part -->\n                <\/div>\n\t\t\t\t\t\t\t<\/div>\n\t\t\t\t<\/div>\n\t\t\t\t\t<\/div>\n\t\t<\/div>\n\t\t\t\t\t<\/div>\n\t\t<\/section>\n\t\t\t\t\t<\/div>\n\t\t<\/div>\n\t\t\t\t\t<\/div>\n\t\t<\/section>\n\t\t\t\t<\/div>\n\t\t","protected":false},"excerpt":{"rendered":"<p>Nuovo pacchetto aggiornato per la creazione di siti Web \u20ac700 Questo pacchetto \u00e8 adatto ad aziende e professionisti che cercano una presenza online attraente ed efficace. Sito web aziendale Progettazione di siti web personalizzati con layout mobile-responsive. Fino a 10 pagine, inclusa una home page, su di noi, servizi, contatti e sezioni portfolio. Integrazione di [&hellip;]<\/p>\n","protected":false},"author":1,"featured_media":0,"parent":0,"menu_order":0,"comment_status":"closed","ping_status":"closed","template":"template-home.php","meta":{"om_disable_all_campaigns":false,"_monsterinsights_skip_tracking":false,"_monsterinsights_sitenote_active":false,"_monsterinsights_sitenote_note":"","_monsterinsights_sitenote_category":0,"footnotes":""},"class_list":["post-8970","page","type-page","status-publish","hentry"],"aioseo_notices":[],"_links":{"self":[{"href":"https:\/\/www.mundida.com\/it\/wp-json\/wp\/v2\/pages\/8970","targetHints":{"allow":["GET"]}}],"collection":[{"href":"https:\/\/www.mundida.com\/it\/wp-json\/wp\/v2\/pages"}],"about":[{"href":"https:\/\/www.mundida.com\/it\/wp-json\/wp\/v2\/types\/page"}],"author":[{"embeddable":true,"href":"https:\/\/www.mundida.com\/it\/wp-json\/wp\/v2\/users\/1"}],"replies":[{"embeddable":true,"href":"https:\/\/www.mundida.com\/it\/wp-json\/wp\/v2\/comments?post=8970"}],"version-history":[{"count":20,"href":"https:\/\/www.mundida.com\/it\/wp-json\/wp\/v2\/pages\/8970\/revisions"}],"predecessor-version":[{"id":9606,"href":"https:\/\/www.mundida.com\/it\/wp-json\/wp\/v2\/pages\/8970\/revisions\/9606"}],"wp:attachment":[{"href":"https:\/\/www.mundida.com\/it\/wp-json\/wp\/v2\/media?parent=8970"}],"curies":[{"name":"wp","href":"https:\/\/api.w.org\/{rel}","templated":true}]}}