{"id":9244,"date":"2024-01-03T17:12:36","date_gmt":"2024-01-03T17:12:36","guid":{"rendered":"https:\/\/www.mundida.com\/product\/complex-e-commerce\/"},"modified":"2024-01-08T08:23:43","modified_gmt":"2024-01-08T07:23:43","slug":"complex-e-commerce","status":"publish","type":"product","link":"https:\/\/www.mundida.com\/it\/prodotto\/complex-e-commerce\/","title":{"rendered":"Commercio elettronico complesso"},"content":{"rendered":"<p>Questo pacchetto \u00e8 destinato alle esigenze di e-commerce pi\u00f9 complesse, che includono funzionalit\u00e0 e integrazioni avanzate.<\/p>\n","protected":false},"excerpt":{"rendered":"<ul>\n<li class=\" themex-item-761aab8\"><i class=\"fas fa-check\"><\/i>Progettazione di un sito web e-commerce personalizzato con un layout reattivo per i dispositivi mobili.<\/li>\n<li class=\" themex-item-5f503a0\"><i class=\"fas fa-check\"><\/i>Configurazione avanzata del catalogo prodotti con elenchi di prodotti illimitati.<\/li>\n<li class=\" themex-item-eda81e1\"><i class=\"fas fa-check\"><\/i>Supporto multivaluta e multilingue.<\/li>\n<li class=\" themex-item-915f2e1\"><i class=\"fas fa-check\"><\/i>Integrazione con un sistema completo di gateway di pagamento, comprese le opzioni internazionali.<\/li>\n<li class=\" themex-item-7c382fd\"><i class=\"fas fa-check\"><\/i>Funzionalit\u00e0 avanzate di carrello della spesa con funzioni quali liste dei desideri e confronto.<\/li>\n<li class=\" themex-item-e0438eb\"><i class=\"fas fa-check\"><\/i>Creazione e gestione degli account utente con i profili dei clienti.<\/li>\n<li class=\" themex-item-72c50a6\"><i class=\"fas fa-check\"><\/i>Sistema di gestione del checkout e degli ordini con tracciamento e analisi avanzati.<\/li>\n<li class=\" themex-item-cad62dd\"><i class=\"fas fa-check\"><\/i>Soluzioni per la gestione dell&#8217;inventario e l&#8217;evasione degli ordini.<\/li>\n<li class=\" themex-item-88fe0aa\"><i class=\"fas fa-check\"><\/i>Certificato SSL per transazioni sicure.<\/li>\n<li class=\" themex-item-a87a076\"><i class=\"fas fa-check\"><\/i>Ottimizzazione avanzata della SEO on-page per le pagine dei prodotti.<\/li>\n<li class=\" themex-item-70030ce\"><i class=\"fas fa-check\"><\/i>Integrazione con i social media e funzioni di marketing avanzate.<\/li>\n<li class=\" themex-item-6bfeb3f\"><i class=\"fas fa-check\"><\/i>Opzioni di ricerca e filtraggio dei prodotti personalizzate.<\/li>\n<li class=\" themex-item-6d4bc32\"><i class=\"fas fa-check\"><\/i>Un ciclo di revisioni.<\/li>\n<li class=\" themex-item-f94eada\"><i class=\"fas fa-check\"><\/i>Lancio e implementazione del sito web.<\/li>\n<li class=\" themex-item-0786c99\"><i class=\"fas fa-check\"><\/i>Testo fittizio<\/li>\n<li class=\" themex-item-2980606\"><i class=\"fas fa-check\"><\/i>Formazione su come gestire e aggiornare il vostro complesso negozio di e-commerce.<\/li>\n<li class=\" themex-item-e3ff89a\"><i class=\"fas fa-check\"><\/i>Assistenza estesa per i primi tre mesi dal lancio.<\/li>\n<\/ul>\n","protected":false},"featured_media":8816,"comment_status":"open","ping_status":"closed","template":"","meta":{"om_disable_all_campaigns":false,"_monsterinsights_skip_tracking":false,"_monsterinsights_sitenote_active":false,"_monsterinsights_sitenote_note":"","_monsterinsights_sitenote_category":0},"product_brand":[],"product_cat":[60,61],"product_tag":[],"class_list":{"0":"post-9244","1":"product","2":"type-product","3":"status-publish","4":"has-post-thumbnail","6":"product_cat-packages-it","7":"product_cat-websites-it","9":"first","10":"instock","11":"virtual","12":"purchasable","13":"product-type-simple"},"aioseo_notices":[],"_links":{"self":[{"href":"https:\/\/www.mundida.com\/it\/wp-json\/wp\/v2\/product\/9244","targetHints":{"allow":["GET"]}}],"collection":[{"href":"https:\/\/www.mundida.com\/it\/wp-json\/wp\/v2\/product"}],"about":[{"href":"https:\/\/www.mundida.com\/it\/wp-json\/wp\/v2\/types\/product"}],"replies":[{"embeddable":true,"href":"https:\/\/www.mundida.com\/it\/wp-json\/wp\/v2\/comments?post=9244"}],"wp:featuredmedia":[{"embeddable":true,"href":"https:\/\/www.mundida.com\/it\/wp-json\/wp\/v2\/media\/8816"}],"wp:attachment":[{"href":"https:\/\/www.mundida.com\/it\/wp-json\/wp\/v2\/media?parent=9244"}],"wp:term":[{"taxonomy":"product_brand","embeddable":true,"href":"https:\/\/www.mundida.com\/it\/wp-json\/wp\/v2\/product_brand?post=9244"},{"taxonomy":"product_cat","embeddable":true,"href":"https:\/\/www.mundida.com\/it\/wp-json\/wp\/v2\/product_cat?post=9244"},{"taxonomy":"product_tag","embeddable":true,"href":"https:\/\/www.mundida.com\/it\/wp-json\/wp\/v2\/product_tag?post=9244"}],"curies":[{"name":"wp","href":"https:\/\/api.w.org\/{rel}","templated":true}]}}